{"id":12042,"date":"2025-02-18T12:06:36","date_gmt":"2025-02-18T12:06:36","guid":{"rendered":"https:\/\/opco.pt\/allgemeine-geschaeftsbedingungen\/"},"modified":"2025-07-08T13:26:04","modified_gmt":"2025-07-08T13:26:04","slug":"allgemeine-geschaeftsbedingungen","status":"publish","type":"page","link":"https:\/\/opco.pt\/de\/allgemeine-geschaeftsbedingungen\/","title":{"rendered":"Allgemeine Gesch\u00e4ftsbedingungen"},"content":{"rendered":"\t\t<div data-elementor-type=\"wp-page\" data-elementor-id=\"12042\" class=\"elementor elementor-12042 elementor-68\" data-elementor-post-type=\"page\">\n\t\t\t\t<div class=\"elementor-element elementor-element-648b98f e-flex e-con-boxed e-con e-parent\" data-id=\"648b98f\" data-element_type=\"container\">\r\n\t\t\t\t\t<div class=\"e-con-inner\">\r\n\t\t\t\t<div class=\"elementor-element elementor-element-a867012 elementor-widget elementor-widget-text-editor\" data-id=\"a867012\" data-element_type=\"widget\" data-widget_type=\"text-editor.default\">\n\t\t\t\t<div class=\"elementor-widget-container\">\n\t\t\t\t\t\t\t\t\t<h4><strong>1. Bedingungen<\/strong><\/h4><p>Durch den Zugriff auf die OPCO-Website erkl\u00e4ren Sie sich damit einverstanden, diese Nutzungsbedingungen sowie alle anwendbaren Gesetze und Vorschriften einzuhalten, und Sie stimmen zu, dass Sie f\u00fcr die Einhaltung aller anwendbaren lokalen Gesetze verantwortlich sind. Wenn Sie mit einer dieser Bedingungen nicht einverstanden sind, ist Ihnen die Nutzung oder der Zugriff auf diese Website untersagt. Die auf dieser Website enthaltenen Materialien sind durch geltendes Urheber- und Markenrecht gesch\u00fctzt.  <\/p><h4><strong>2. Lizenznutzung<\/strong><\/h4><p>Es wird die Erlaubnis erteilt, vor\u00fcbergehend eine Kopie der Materialien (Informationen oder Software) auf der OPCO-Website nur f\u00fcr den pers\u00f6nlichen, nicht-kommerziellen vor\u00fcbergehenden Gebrauch herunterzuladen. Dies ist die Gew\u00e4hrung einer Lizenz, keine Eigentums\u00fcbertragung, und unter dieser Lizenz d\u00fcrfen Sie nicht: <\/p><ol><li>die Materialien \u00e4ndern oder kopieren;<\/li><li>die Materialien f\u00fcr kommerzielle Zwecke oder zur \u00f6ffentlichen Darstellung (kommerziell oder nicht-kommerziell) verwenden;<\/li><li>versuchen, Software auf der OPCO-Website zu dekompilieren oder zur\u00fcckzuentwickeln;<\/li><li>die Materialien an eine andere Person \u00fcbertragen oder die Materialien auf einem anderen Server \u201espiegeln\u201c.<\/li><\/ol><p>Diese Lizenz erlischt automatisch, wenn Sie eine dieser Einschr\u00e4nkungen verletzen, und kann jederzeit von OPCO gek\u00fcndigt werden. Nach Beendigung der Betrachtung dieser Materialien oder nach Beendigung dieser Lizenz m\u00fcssen Sie alle heruntergeladenen Materialien in Ihrem Besitz, sei es in elektronischer oder gedruckter Form, l\u00f6schen. <\/p><h4><strong>3. Haftungsausschluss<\/strong><\/h4><ol><li>Die Materialien auf der OPCO-Website werden \u201ewie besehen\u201c zur Verf\u00fcgung gestellt. OPCO gibt keine ausdr\u00fccklichen oder stillschweigenden Garantien und lehnt hiermit alle anderen Garantien ab, einschlie\u00dflich, aber nicht beschr\u00e4nkt auf stillschweigende Garantien oder Bedingungen der Marktg\u00e4ngigkeit, der Eignung f\u00fcr einen bestimmten Zweck oder der Nichtverletzung von geistigem Eigentum oder anderer Rechtsverletzungen. <\/li><li>Dar\u00fcber hinaus \u00fcbernimmt OPCO keine Gew\u00e4hrleistung oder Zusicherung hinsichtlich der Genauigkeit, der wahrscheinlichen Ergebnisse oder der Zuverl\u00e4ssigkeit der Nutzung der Materialien auf ihrer Website oder anderweitig in Bezug auf solche Materialien oder auf mit dieser Website verkn\u00fcpften Websites.<\/li><\/ol><h4><strong>4. Einschr\u00e4nkungen<\/strong><\/h4><p>In keinem Fall haften OPCO oder seine Lieferanten f\u00fcr Sch\u00e4den (einschlie\u00dflich, aber nicht beschr\u00e4nkt auf Sch\u00e4den aus Datenverlust oder Gewinn oder aufgrund von Betriebsunterbrechungen), die sich aus der Nutzung oder der Unf\u00e4higkeit zur Nutzung der Materialien auf der OPCO-Website ergeben, selbst wenn OPCO oder ein autorisierter Vertreter von OPCO m\u00fcndlich oder schriftlich \u00fcber die M\u00f6glichkeit solcher Sch\u00e4den informiert wurde. Da einige Gerichtsbarkeiten keine Beschr\u00e4nkungen stillschweigender Garantien oder Haftungsbeschr\u00e4nkungen f\u00fcr Folgesch\u00e4den oder zuf\u00e4llige Sch\u00e4den zulassen, gelten diese Beschr\u00e4nkungen m\u00f6glicherweise nicht f\u00fcr Sie. <\/p><h4><strong>5. Genauigkeit der Materialien<\/strong><\/h4><p>Die auf der OPCO-Website angezeigten Materialien k\u00f6nnen technische, typografische oder fotografische Fehler enthalten. OPCO \u00fcbernimmt keine Gew\u00e4hr daf\u00fcr, dass die Materialien auf ihrer Website genau, vollst\u00e4ndig oder aktuell sind. OPCO kann die auf ihrer Website enthaltenen Materialien jederzeit und ohne vorherige Ank\u00fcndigung \u00e4ndern. OPCO verpflichtet sich jedoch nicht, die Materialien zu aktualisieren.   <\/p><h4><strong>6. Links<\/strong><\/h4><p>OPCO hat nicht alle mit ihrer Website verkn\u00fcpften Websites \u00fcberpr\u00fcft und ist nicht f\u00fcr den Inhalt einer verkn\u00fcpften Website verantwortlich. Die Aufnahme eines Links bedeutet nicht, dass OPCO die Website billigt. Die Nutzung einer verkn\u00fcpften Website erfolgt auf eigenes Risiko des Nutzers.  <\/p><h5><strong>\u00c4nderungen<\/strong><\/h5><p>OPCO kann diese Nutzungsbedingungen der Website jederzeit und ohne vorherige Ank\u00fcndigung \u00fcberarbeiten. Durch die Nutzung dieser Website erkl\u00e4ren Sie sich damit einverstanden, an die jeweils aktuelle Version dieser Nutzungsbedingungen gebunden zu sein. <\/p><h5><strong>Anwendbares Recht<\/strong><\/h5><p>Diese Allgemeinen Gesch\u00e4ftsbedingungen unterliegen den Gesetzen von OPCO und werden in \u00dcbereinstimmung mit diesen ausgelegt, und Sie unterwerfen sich unwiderruflich der ausschlie\u00dflichen Gerichtsbarkeit der Gerichte in diesem Staat oder Ort.<\/p>\t\t\t\t\t\t\t\t<\/div>\n\t\t\t\t<\/div>\n\t\t\t\t\t<\/div>\n\t\t\t\t<\/div>\n\t\t\t\t<\/div>\n\t\t","protected":false},"excerpt":{"rendered":"<p>1. Bedingungen Durch den Zugriff auf die OPCO-Website erkl\u00e4ren Sie sich damit einverstanden, diese Nutzungsbedingungen sowie alle anwendbaren Gesetze und Vorschriften einzuhalten, und Sie stimmen zu, dass Sie f\u00fcr die Einhaltung aller anwendbaren lokalen Gesetze verantwortlich sind. Wenn Sie mit einer dieser Bedingungen nicht einverstanden sind, ist Ihnen die Nutzung oder der Zugriff auf diese [&hellip;]<\/p>\n","protected":false},"author":2,"featured_media":0,"parent":0,"menu_order":0,"comment_status":"closed","ping_status":"closed","template":"","meta":{"_acf_changed":false,"content-type":"","footnotes":""},"class_list":["post-12042","page","type-page","status-publish","hentry"],"acf":[],"yoast_head":"<!-- This site is optimized with the Yoast SEO plugin v25.3.1 - https:\/\/yoast.com\/wordpress\/plugins\/seo\/ -->\n<title>Allgemeine Gesch\u00e4ftsbedingungen - Opco<\/title>\n<meta name=\"robots\" content=\"index, follow, max-snippet:-1, max-image-preview:large, max-video-preview:-1\" \/>\n<link rel=\"canonical\" href=\"https:\/\/opco.pt\/de\/allgemeine-geschaeftsbedingungen\/\" \/>\n<meta property=\"og:locale\" content=\"de_DE\" \/>\n<meta property=\"og:type\" content=\"article\" \/>\n<meta property=\"og:title\" content=\"Allgemeine Gesch\u00e4ftsbedingungen - Opco\" \/>\n<meta property=\"og:description\" content=\"1. Bedingungen Durch den Zugriff auf die OPCO-Website erkl\u00e4ren Sie sich damit einverstanden, diese Nutzungsbedingungen sowie alle anwendbaren Gesetze und Vorschriften einzuhalten, und Sie stimmen zu, dass Sie f\u00fcr die Einhaltung aller anwendbaren lokalen Gesetze verantwortlich sind. Wenn Sie mit einer dieser Bedingungen nicht einverstanden sind, ist Ihnen die Nutzung oder der Zugriff auf diese [&hellip;]\" \/>\n<meta property=\"og:url\" content=\"https:\/\/opco.pt\/de\/allgemeine-geschaeftsbedingungen\/\" \/>\n<meta property=\"og:site_name\" content=\"Opco\" \/>\n<meta property=\"article:publisher\" content=\"https:\/\/www.facebook.com\/rhopcoacademia\/\" \/>\n<meta property=\"article:modified_time\" content=\"2025-07-08T13:26:04+00:00\" \/>\n<meta name=\"twitter:card\" content=\"summary_large_image\" \/>\n<meta name=\"twitter:label1\" content=\"Gesch\u00e4tzte Lesezeit\" \/>\n\t<meta name=\"twitter:data1\" content=\"3\u00a0Minuten\" \/>\n<script type=\"application\/ld+json\" class=\"yoast-schema-graph\">{\"@context\":\"https:\/\/schema.org\",\"@graph\":[{\"@type\":\"WebPage\",\"@id\":\"https:\/\/opco.pt\/de\/allgemeine-geschaeftsbedingungen\/\",\"url\":\"https:\/\/opco.pt\/de\/allgemeine-geschaeftsbedingungen\/\",\"name\":\"Allgemeine Gesch\u00e4ftsbedingungen - Opco\",\"isPartOf\":{\"@id\":\"https:\/\/opco.pt\/#website\"},\"datePublished\":\"2025-02-18T12:06:36+00:00\",\"dateModified\":\"2025-07-08T13:26:04+00:00\",\"breadcrumb\":{\"@id\":\"https:\/\/opco.pt\/de\/allgemeine-geschaeftsbedingungen\/#breadcrumb\"},\"inLanguage\":\"de\",\"potentialAction\":[{\"@type\":\"ReadAction\",\"target\":[\"https:\/\/opco.pt\/de\/allgemeine-geschaeftsbedingungen\/\"]}]},{\"@type\":\"BreadcrumbList\",\"@id\":\"https:\/\/opco.pt\/de\/allgemeine-geschaeftsbedingungen\/#breadcrumb\",\"itemListElement\":[{\"@type\":\"ListItem\",\"position\":1,\"name\":\"In\u00edcio\",\"item\":\"https:\/\/opco.pt\/de\/startseite\/\"},{\"@type\":\"ListItem\",\"position\":2,\"name\":\"Allgemeine Gesch\u00e4ftsbedingungen\"}]},{\"@type\":\"WebSite\",\"@id\":\"https:\/\/opco.pt\/#website\",\"url\":\"https:\/\/opco.pt\/\",\"name\":\"Opco\",\"description\":\"Creating Solutions\",\"publisher\":{\"@id\":\"https:\/\/opco.pt\/#organization\"},\"potentialAction\":[{\"@type\":\"SearchAction\",\"target\":{\"@type\":\"EntryPoint\",\"urlTemplate\":\"https:\/\/opco.pt\/?s={search_term_string}\"},\"query-input\":{\"@type\":\"PropertyValueSpecification\",\"valueRequired\":true,\"valueName\":\"search_term_string\"}}],\"inLanguage\":\"de\"},{\"@type\":\"Organization\",\"@id\":\"https:\/\/opco.pt\/#organization\",\"name\":\"Opco\",\"url\":\"https:\/\/opco.pt\/\",\"logo\":{\"@type\":\"ImageObject\",\"inLanguage\":\"de\",\"@id\":\"https:\/\/opco.pt\/#\/schema\/logo\/image\/\",\"url\":\"https:\/\/opco.pt\/wp-content\/uploads\/2025\/04\/logo_opco_vda-qmc.png\",\"contentUrl\":\"https:\/\/opco.pt\/wp-content\/uploads\/2025\/04\/logo_opco_vda-qmc.png\",\"width\":940,\"height\":321,\"caption\":\"Opco\"},\"image\":{\"@id\":\"https:\/\/opco.pt\/#\/schema\/logo\/image\/\"},\"sameAs\":[\"https:\/\/www.facebook.com\/rhopcoacademia\/\",\"https:\/\/www.youtube.com\/@opcocreatingsolutions7561\",\"https:\/\/www.instagram.com\/opcocreatingsolutions\/\",\"https:\/\/pt.linkedin.com\/company\/rhopcoacademia\"]}]}<\/script>\n<!-- \/ Yoast SEO plugin. -->","yoast_head_json":{"title":"Allgemeine Gesch\u00e4ftsbedingungen - Opco","robots":{"index":"index","follow":"follow","max-snippet":"max-snippet:-1","max-image-preview":"max-image-preview:large","max-video-preview":"max-video-preview:-1"},"canonical":"https:\/\/opco.pt\/de\/allgemeine-geschaeftsbedingungen\/","og_locale":"de_DE","og_type":"article","og_title":"Allgemeine Gesch\u00e4ftsbedingungen - Opco","og_description":"1. Bedingungen Durch den Zugriff auf die OPCO-Website erkl\u00e4ren Sie sich damit einverstanden, diese Nutzungsbedingungen sowie alle anwendbaren Gesetze und Vorschriften einzuhalten, und Sie stimmen zu, dass Sie f\u00fcr die Einhaltung aller anwendbaren lokalen Gesetze verantwortlich sind. Wenn Sie mit einer dieser Bedingungen nicht einverstanden sind, ist Ihnen die Nutzung oder der Zugriff auf diese [&hellip;]","og_url":"https:\/\/opco.pt\/de\/allgemeine-geschaeftsbedingungen\/","og_site_name":"Opco","article_publisher":"https:\/\/www.facebook.com\/rhopcoacademia\/","article_modified_time":"2025-07-08T13:26:04+00:00","twitter_card":"summary_large_image","twitter_misc":{"Gesch\u00e4tzte Lesezeit":"3\u00a0Minuten"},"schema":{"@context":"https:\/\/schema.org","@graph":[{"@type":"WebPage","@id":"https:\/\/opco.pt\/de\/allgemeine-geschaeftsbedingungen\/","url":"https:\/\/opco.pt\/de\/allgemeine-geschaeftsbedingungen\/","name":"Allgemeine Gesch\u00e4ftsbedingungen - Opco","isPartOf":{"@id":"https:\/\/opco.pt\/#website"},"datePublished":"2025-02-18T12:06:36+00:00","dateModified":"2025-07-08T13:26:04+00:00","breadcrumb":{"@id":"https:\/\/opco.pt\/de\/allgemeine-geschaeftsbedingungen\/#breadcrumb"},"inLanguage":"de","potentialAction":[{"@type":"ReadAction","target":["https:\/\/opco.pt\/de\/allgemeine-geschaeftsbedingungen\/"]}]},{"@type":"BreadcrumbList","@id":"https:\/\/opco.pt\/de\/allgemeine-geschaeftsbedingungen\/#breadcrumb","itemListElement":[{"@type":"ListItem","position":1,"name":"In\u00edcio","item":"https:\/\/opco.pt\/de\/startseite\/"},{"@type":"ListItem","position":2,"name":"Allgemeine Gesch\u00e4ftsbedingungen"}]},{"@type":"WebSite","@id":"https:\/\/opco.pt\/#website","url":"https:\/\/opco.pt\/","name":"Opco","description":"Creating Solutions","publisher":{"@id":"https:\/\/opco.pt\/#organization"},"potentialAction":[{"@type":"SearchAction","target":{"@type":"EntryPoint","urlTemplate":"https:\/\/opco.pt\/?s={search_term_string}"},"query-input":{"@type":"PropertyValueSpecification","valueRequired":true,"valueName":"search_term_string"}}],"inLanguage":"de"},{"@type":"Organization","@id":"https:\/\/opco.pt\/#organization","name":"Opco","url":"https:\/\/opco.pt\/","logo":{"@type":"ImageObject","inLanguage":"de","@id":"https:\/\/opco.pt\/#\/schema\/logo\/image\/","url":"https:\/\/opco.pt\/wp-content\/uploads\/2025\/04\/logo_opco_vda-qmc.png","contentUrl":"https:\/\/opco.pt\/wp-content\/uploads\/2025\/04\/logo_opco_vda-qmc.png","width":940,"height":321,"caption":"Opco"},"image":{"@id":"https:\/\/opco.pt\/#\/schema\/logo\/image\/"},"sameAs":["https:\/\/www.facebook.com\/rhopcoacademia\/","https:\/\/www.youtube.com\/@opcocreatingsolutions7561","https:\/\/www.instagram.com\/opcocreatingsolutions\/","https:\/\/pt.linkedin.com\/company\/rhopcoacademia"]}]}},"_links":{"self":[{"href":"https:\/\/opco.pt\/de\/wp-json\/wp\/v2\/pages\/12042","targetHints":{"allow":["GET"]}}],"collection":[{"href":"https:\/\/opco.pt\/de\/wp-json\/wp\/v2\/pages"}],"about":[{"href":"https:\/\/opco.pt\/de\/wp-json\/wp\/v2\/types\/page"}],"author":[{"embeddable":true,"href":"https:\/\/opco.pt\/de\/wp-json\/wp\/v2\/users\/2"}],"replies":[{"embeddable":true,"href":"https:\/\/opco.pt\/de\/wp-json\/wp\/v2\/comments?post=12042"}],"version-history":[{"count":3,"href":"https:\/\/opco.pt\/de\/wp-json\/wp\/v2\/pages\/12042\/revisions"}],"predecessor-version":[{"id":12408,"href":"https:\/\/opco.pt\/de\/wp-json\/wp\/v2\/pages\/12042\/revisions\/12408"}],"wp:attachment":[{"href":"https:\/\/opco.pt\/de\/wp-json\/wp\/v2\/media?parent=12042"}],"curies":[{"name":"wp","href":"https:\/\/api.w.org\/{rel}","templated":true}]}}