{"id":9561,"date":"2025-03-14T14:20:38","date_gmt":"2025-03-14T14:20:38","guid":{"rendered":"https:\/\/critecws.com\/opco\/opconetwork-calendar\/"},"modified":"2025-05-15T11:02:58","modified_gmt":"2025-05-15T11:02:58","slug":"opconetwork-calendar","status":"publish","type":"page","link":"https:\/\/opco.pt\/en\/opconetwork-calendar\/","title":{"rendered":"OPCONetwork Calendar"},"content":{"rendered":"\t\t<div data-elementor-type=\"wp-page\" data-elementor-id=\"9561\" class=\"elementor elementor-9561 elementor-6679\" data-elementor-post-type=\"page\">\n\t\t\t\t<div class=\"elementor-element elementor-element-bcf3521 e-flex e-con-boxed e-con e-parent\" data-id=\"bcf3521\" data-element_type=\"container\">\r\n\t\t\t\t\t<div class=\"e-con-inner\">\r\n\t\t\t\t<div class=\"elementor-element elementor-element-72627b3 elementor-widget elementor-widget-shortcode\" data-id=\"72627b3\" data-element_type=\"widget\" data-widget_type=\"shortcode.default\">\n\t\t\t\t<div class=\"elementor-widget-container\">\n\t\t\t\t\t\n<div class=\"calendar-toggle-buttons opconetwork\">\n    <button id=\"switch-to-list\" class=\"calendar-toggle\">Lista<\/button>\n    <button id=\"switch-to-calendar\" class=\"calendar-toggle active\">Calend\u00e1rio<\/button>\n<\/div>\n\n<div id=\"list-view\" style=\"display: none;\">\n    <div class=\"calendario-container\">\n        <!-- Navega\u00e7\u00e3o entre meses -->\n        <div class=\"month-navigation\">\n\n            <div class=\"porto-heading text-capitalize\">May, 2026<\/div>\n            <a href=\"?cal_month=4&cal_year=2026\" class=\"btn-rounded\"><i class=\"fa fa-chevron-left opconetwork\"><\/i><\/a>\n            <a href=\"?cal_month=6&cal_year=2026\" class=\"btn-rounded\"><i class=\"fa fa-chevron-right opconetwork\"><\/i><\/a>\n        <\/div>\n\n        <!-- Lista de eventos -->\n        <ul class=\"event-list\">\n                            <li>N\u00e3o h\u00e1 eventos para este m\u00eas.<\/li>\n                    <\/ul>\n    <\/div>\n<\/div>\n\n<!-- Enqueue FullCalendar CSS e JS -->\n<link href='https:\/\/cdn.jsdelivr.net\/npm\/fullcalendar@5.11.3\/main.min.css' rel='stylesheet' \/>\n<script src='https:\/\/cdn.jsdelivr.net\/npm\/fullcalendar@5.11.3\/main.min.js'><\/script>\n<script src='https:\/\/cdn.jsdelivr.net\/npm\/fullcalendar@5.11.3\/locales-all.min.js'><\/script>\n\n<div id=\"calendar-view\">\n    <div id=\"fullcalendar\"><\/div>\n<\/div>\n\n<style>\n    .calendar-toggle-buttons {\n        display: flex;\n        justify-content: flex-end;\n        gap: 8px;\n    }\n\n    .calendar-toggle {\n        background: #f1f1f1;\n        color: #333;\n        border: none;\n        padding: 8px 14px;\n        border-radius: 4px;\n        cursor: pointer;\n    }\n\n    .calendar-toggle-buttons.opco .calendar-toggle.active {\n        background: var(--e-global-color-primary);\n        color: white;\n    }\n\n    .calendar-toggle-buttons.opconetwork .calendar-toggle.active {\n        background: var(--e-global-color-a9676a3);\n        color: white;\n    }\n\n    .fc-event {\n        cursor: pointer;\n        padding: 2px 4px;\n    }\n\n    .fc-event-title {\n        font-weight: 500;\n    }\n\n    .fc-toolbar-title {\n        font-size: 1.5em !important;\n        text-transform: capitalize;\n    }\n\n    .fc-button-primary {\n        background-color: #222529 !important;\n        border-color: #222529 !important;\n    }\n\n    .fc-button-primary:hover {\n        background-color: #1d2124 !important;\n        border-color: #1d2124 !important;\n    }\n\n    .fc-button-active {\n        background-color: #1d2124 !important;\n        border-color: #1d2124 !important;\n    }\n\n    .porto-heading {\n        font-size: 35px;\n        font-weight: 600;\n        line-height: 1.3em;\n        letter-spacing: -1.75px;\n        color: #222529;\n    }\n\n    .month-navigation {\n        display: flex;\n        gap: 16px;\n        margin-bottom: 20px;\n    }\n\n    .month-navigation .btn-rounded .opconetwork {\n        color: var(--e-global-color-a9676a3) !important;\n    }\n\n    a.btn-rounded {\n        width: 38px;\n        height: 38px;\n        display: flex;\n        align-items: center;\n        justify-content: center;\n        border: 1px solid #000;\n        border-radius: 50%;\n        font-size: 20px;\n    }\n\n    a.btn-rounded:hover {\n        background: #000;\n        color: #fff;\n    }\n\n    .event-list {\n        list-style: none;\n        padding-left: 0px;\n    }\n\n    .event-list li {\n        display: flex;\n    }\n\n    .event-item {\n        display: flex;\n        gap: 22px;\n        padding: 16px;\n        margin-top: 6px;\n        transition: all ease-in-out 200ms;\n    }\n\n    .event-item:hover {\n        background-color: #efefef;\n        padding-left: 26px;\n        padding-right: 6px;\n    }\n\n    .event-date {\n        font-weight: bold;\n        text-align: center;\n\n    }\n\n    .event-day {\n        display: block;\n        font-size: 26px;\n    }\n\n    .event-month {\n        display: block;\n        font-size: 14px;\n    }\n\n    .event-title {\n        display: block;\n        font-weight: 600;\n        font-size: 22px;\n        color: #000;\n    }\n\n    .event-title.opconetwork:hover {\n        color: var(--e-global-color-a9676a3) !important;\n    }\n\n    .tag {\n        padding: 4px 9px;\n        color: #fff;\n        font-size: 11px;\n        margin: 0px 5px 5px 0px;\n        border-radius: 4px;\n    }\n\n    .event-time {\n        display: block;\n        color: #666;\n        line-height: 14px;\n        font-size: 14px;\n        margin-top: 5px;\n    }\n\n    @media (max-width: 576px) {\n        .event-title {\n            font-size: 20px;\n            line-height: 1;\n        }\n\n        .event-time {\n            margin-top: 6px;\n        }\n    }\n<\/style>\n\n<script>\n    document.addEventListener('DOMContentLoaded', function() {\n        var listView = document.getElementById('list-view');\n        var calendarView = document.getElementById('calendar-view');\n        var toggleList = document.getElementById('switch-to-list');\n        var toggleCalendar = document.getElementById('switch-to-calendar');\n        var calendarEl = document.getElementById('fullcalendar');\n\n        var calendar = new FullCalendar.Calendar(calendarEl, {\n            initialView: 'dayGridMonth',\n            initialDate: '2026-05-01',\n            locale: 'pt',\n            headerToolbar: {\n                left: 'prev,next today',\n                center: 'title',\n                right: ''\n            },\n            buttonText: {\n                today: 'Hoje'\n            },\n            displayEventTime: false,\n            events: [{\"title\":\"MMOG\\\/Le v6 Materials Management and Logistics Assessment\",\"start\":\"2025-04-02T16:27:00\",\"end\":\"2025-04-02T16:27:00\",\"url\":\"https:\\\/\\\/opco.pt\\\/en\\\/formacao\\\/mmog-le-v6-materials-management-and-logistics-assessment\\\/\",\"color\":\"#ca0607\",\"extendedProps\":{\"categoria\":\"Oficial Opco\"}},{\"title\":\"AQPQ Stellantis\",\"start\":\"2025-04-12T18:00:00\",\"end\":\"2025-04-12T18:00:00\",\"url\":\"https:\\\/\\\/opco.pt\\\/en\\\/formacao\\\/aqpq-stellantis\\\/\",\"color\":\"#ca0607\",\"extendedProps\":{\"categoria\":\"Oficial Opco\"}},{\"title\":\"AQPQ Stellantis\",\"start\":\"2025-04-09T04:00:00\",\"end\":\"2025-04-09T04:00:00\",\"url\":\"https:\\\/\\\/opco.pt\\\/en\\\/formacao\\\/aqpq-stellantis\\\/\",\"color\":\"#ca0607\",\"extendedProps\":{\"categoria\":\"Oficial Opco\"}},{\"title\":\"AQPQ Stellantis\",\"start\":\"2025-05-08T14:00:00\",\"end\":\"2025-05-08T14:00:00\",\"url\":\"https:\\\/\\\/opco.pt\\\/en\\\/formacao\\\/aqpq-stellantis\\\/\",\"color\":\"#ca0607\",\"extendedProps\":{\"categoria\":\"Oficial Opco\"}}],\n            eventClick: function(info) {\n                if (info.event.url) {\n                    window.location.href = info.event.url;\n                    return false;\n                }\n            },\n            eventDisplay: 'block',\n            height: 'auto'\n        });\n\n        calendar.render();\n\n        if (toggleList && toggleCalendar) {\n            toggleList.addEventListener('click', function() {\n                listView.style.display = 'block';\n                calendarView.style.display = 'none';\n                toggleList.classList.add('active');\n                toggleCalendar.classList.remove('active');\n            });\n\n            toggleCalendar.addEventListener('click', function() {\n                listView.style.display = 'none';\n                calendarView.style.display = 'block';\n                toggleCalendar.classList.add('active');\n                toggleList.classList.remove('active');\n                calendar.updateSize();\n            });\n        }\n    });\n<\/script>\t\t<div class=\"elementor-shortcode\"><\/div>\n\t\t\t\t\t\t<\/div>\n\t\t\t\t<\/div>\n\t\t\t\t\t<\/div>\n\t\t\t\t<\/div>\n\t\t\t\t<\/div>\n\t\t","protected":false},"excerpt":{"rendered":"","protected":false},"author":2,"featured_media":0,"parent":0,"menu_order":0,"comment_status":"closed","ping_status":"closed","template":"","meta":{"_acf_changed":false,"content-type":"","footnotes":""},"class_list":["post-9561","page","type-page","status-publish","hentry"],"acf":[],"yoast_head":"<!-- This site is optimized with the Yoast SEO plugin v25.3.1 - https:\/\/yoast.com\/wordpress\/plugins\/seo\/ -->\n<title>OPCONetwork Calendar - OPCO<\/title>\n<meta name=\"robots\" content=\"index, follow, max-snippet:-1, max-image-preview:large, max-video-preview:-1\" \/>\n<link rel=\"canonical\" href=\"https:\/\/opco.pt\/en\/opconetwork-calendar\/\" \/>\n<meta property=\"og:locale\" content=\"en_US\" \/>\n<meta property=\"og:type\" content=\"article\" \/>\n<meta property=\"og:title\" content=\"OPCONetwork Calendar - OPCO\" \/>\n<meta property=\"og:url\" content=\"https:\/\/opco.pt\/en\/opconetwork-calendar\/\" \/>\n<meta property=\"og:site_name\" content=\"OPCO\" \/>\n<meta property=\"article:publisher\" content=\"https:\/\/www.facebook.com\/rhopcoacademia\/\" \/>\n<meta property=\"article:modified_time\" content=\"2025-05-15T11:02:58+00:00\" \/>\n<meta name=\"twitter:card\" content=\"summary_large_image\" \/>\n<script type=\"application\/ld+json\" class=\"yoast-schema-graph\">{\"@context\":\"https:\/\/schema.org\",\"@graph\":[{\"@type\":\"WebPage\",\"@id\":\"https:\/\/opco.pt\/en\/opconetwork-calendar\/\",\"url\":\"https:\/\/opco.pt\/en\/opconetwork-calendar\/\",\"name\":\"OPCONetwork Calendar - OPCO\",\"isPartOf\":{\"@id\":\"https:\/\/opco.pt\/#website\"},\"datePublished\":\"2025-03-14T14:20:38+00:00\",\"dateModified\":\"2025-05-15T11:02:58+00:00\",\"breadcrumb\":{\"@id\":\"https:\/\/opco.pt\/en\/opconetwork-calendar\/#breadcrumb\"},\"inLanguage\":\"en-US\",\"potentialAction\":[{\"@type\":\"ReadAction\",\"target\":[\"https:\/\/opco.pt\/en\/opconetwork-calendar\/\"]}]},{\"@type\":\"BreadcrumbList\",\"@id\":\"https:\/\/opco.pt\/en\/opconetwork-calendar\/#breadcrumb\",\"itemListElement\":[{\"@type\":\"ListItem\",\"position\":1,\"name\":\"In\u00edcio\",\"item\":\"https:\/\/opco.pt\/en\/home\/\"},{\"@type\":\"ListItem\",\"position\":2,\"name\":\"OPCONetwork Calendar\"}]},{\"@type\":\"WebSite\",\"@id\":\"https:\/\/opco.pt\/#website\",\"url\":\"https:\/\/opco.pt\/\",\"name\":\"Opco\",\"description\":\"Creating Solutions\",\"publisher\":{\"@id\":\"https:\/\/opco.pt\/#organization\"},\"potentialAction\":[{\"@type\":\"SearchAction\",\"target\":{\"@type\":\"EntryPoint\",\"urlTemplate\":\"https:\/\/opco.pt\/?s={search_term_string}\"},\"query-input\":{\"@type\":\"PropertyValueSpecification\",\"valueRequired\":true,\"valueName\":\"search_term_string\"}}],\"inLanguage\":\"en-US\"},{\"@type\":\"Organization\",\"@id\":\"https:\/\/opco.pt\/#organization\",\"name\":\"Opco\",\"url\":\"https:\/\/opco.pt\/\",\"logo\":{\"@type\":\"ImageObject\",\"inLanguage\":\"en-US\",\"@id\":\"https:\/\/opco.pt\/#\/schema\/logo\/image\/\",\"url\":\"https:\/\/opco.pt\/wp-content\/uploads\/2025\/04\/logo_opco_vda-qmc.png\",\"contentUrl\":\"https:\/\/opco.pt\/wp-content\/uploads\/2025\/04\/logo_opco_vda-qmc.png\",\"width\":940,\"height\":321,\"caption\":\"Opco\"},\"image\":{\"@id\":\"https:\/\/opco.pt\/#\/schema\/logo\/image\/\"},\"sameAs\":[\"https:\/\/www.facebook.com\/rhopcoacademia\/\",\"https:\/\/www.youtube.com\/@opcocreatingsolutions7561\",\"https:\/\/www.instagram.com\/opcocreatingsolutions\/\",\"https:\/\/pt.linkedin.com\/company\/rhopcoacademia\"]}]}<\/script>\n<!-- \/ Yoast SEO plugin. -->","yoast_head_json":{"title":"OPCONetwork Calendar - OPCO","robots":{"index":"index","follow":"follow","max-snippet":"max-snippet:-1","max-image-preview":"max-image-preview:large","max-video-preview":"max-video-preview:-1"},"canonical":"https:\/\/opco.pt\/en\/opconetwork-calendar\/","og_locale":"en_US","og_type":"article","og_title":"OPCONetwork Calendar - OPCO","og_url":"https:\/\/opco.pt\/en\/opconetwork-calendar\/","og_site_name":"OPCO","article_publisher":"https:\/\/www.facebook.com\/rhopcoacademia\/","article_modified_time":"2025-05-15T11:02:58+00:00","twitter_card":"summary_large_image","schema":{"@context":"https:\/\/schema.org","@graph":[{"@type":"WebPage","@id":"https:\/\/opco.pt\/en\/opconetwork-calendar\/","url":"https:\/\/opco.pt\/en\/opconetwork-calendar\/","name":"OPCONetwork Calendar - OPCO","isPartOf":{"@id":"https:\/\/opco.pt\/#website"},"datePublished":"2025-03-14T14:20:38+00:00","dateModified":"2025-05-15T11:02:58+00:00","breadcrumb":{"@id":"https:\/\/opco.pt\/en\/opconetwork-calendar\/#breadcrumb"},"inLanguage":"en-US","potentialAction":[{"@type":"ReadAction","target":["https:\/\/opco.pt\/en\/opconetwork-calendar\/"]}]},{"@type":"BreadcrumbList","@id":"https:\/\/opco.pt\/en\/opconetwork-calendar\/#breadcrumb","itemListElement":[{"@type":"ListItem","position":1,"name":"In\u00edcio","item":"https:\/\/opco.pt\/en\/home\/"},{"@type":"ListItem","position":2,"name":"OPCONetwork Calendar"}]},{"@type":"WebSite","@id":"https:\/\/opco.pt\/#website","url":"https:\/\/opco.pt\/","name":"Opco","description":"Creating Solutions","publisher":{"@id":"https:\/\/opco.pt\/#organization"},"potentialAction":[{"@type":"SearchAction","target":{"@type":"EntryPoint","urlTemplate":"https:\/\/opco.pt\/?s={search_term_string}"},"query-input":{"@type":"PropertyValueSpecification","valueRequired":true,"valueName":"search_term_string"}}],"inLanguage":"en-US"},{"@type":"Organization","@id":"https:\/\/opco.pt\/#organization","name":"Opco","url":"https:\/\/opco.pt\/","logo":{"@type":"ImageObject","inLanguage":"en-US","@id":"https:\/\/opco.pt\/#\/schema\/logo\/image\/","url":"https:\/\/opco.pt\/wp-content\/uploads\/2025\/04\/logo_opco_vda-qmc.png","contentUrl":"https:\/\/opco.pt\/wp-content\/uploads\/2025\/04\/logo_opco_vda-qmc.png","width":940,"height":321,"caption":"Opco"},"image":{"@id":"https:\/\/opco.pt\/#\/schema\/logo\/image\/"},"sameAs":["https:\/\/www.facebook.com\/rhopcoacademia\/","https:\/\/www.youtube.com\/@opcocreatingsolutions7561","https:\/\/www.instagram.com\/opcocreatingsolutions\/","https:\/\/pt.linkedin.com\/company\/rhopcoacademia"]}]}},"_links":{"self":[{"href":"https:\/\/opco.pt\/en\/wp-json\/wp\/v2\/pages\/9561","targetHints":{"allow":["GET"]}}],"collection":[{"href":"https:\/\/opco.pt\/en\/wp-json\/wp\/v2\/pages"}],"about":[{"href":"https:\/\/opco.pt\/en\/wp-json\/wp\/v2\/types\/page"}],"author":[{"embeddable":true,"href":"https:\/\/opco.pt\/en\/wp-json\/wp\/v2\/users\/2"}],"replies":[{"embeddable":true,"href":"https:\/\/opco.pt\/en\/wp-json\/wp\/v2\/comments?post=9561"}],"version-history":[{"count":1,"href":"https:\/\/opco.pt\/en\/wp-json\/wp\/v2\/pages\/9561\/revisions"}],"predecessor-version":[{"id":9562,"href":"https:\/\/opco.pt\/en\/wp-json\/wp\/v2\/pages\/9561\/revisions\/9562"}],"wp:attachment":[{"href":"https:\/\/opco.pt\/en\/wp-json\/wp\/v2\/media?parent=9561"}],"curies":[{"name":"wp","href":"https:\/\/api.w.org\/{rel}","templated":true}]}}