{"id":11916,"date":"2025-03-18T12:12:15","date_gmt":"2025-03-18T12:12:15","guid":{"rendered":"https:\/\/opco.pt\/formacion-opconetwork\/"},"modified":"2025-07-08T13:21:07","modified_gmt":"2025-07-08T13:21:07","slug":"formacion-opconetwork","status":"publish","type":"page","link":"https:\/\/opco.pt\/es\/formacion-opconetwork\/","title":{"rendered":"Formaci\u00f3n OPCONetwork"},"content":{"rendered":"\t\t<div data-elementor-type=\"wp-page\" data-elementor-id=\"11916\" class=\"elementor elementor-11916 elementor-7103\" data-elementor-post-type=\"page\">\n\t\t\t\t\t\t<section class=\"elementor-section elementor-top-section elementor-element elementor-element-e58f48e elementor-section-boxed elementor-section-height-default elementor-section-height-default\" data-id=\"e58f48e\" data-element_type=\"section\">\r\n\t\t\r\n\t\t\t\t\t\t\t<div class=\"elementor-container elementor-column-gap-default\">\r\n\t\t\t\t\t\t\t\t\t\t\t<div class=\"elementor-column elementor-col-100 elementor-top-column elementor-element elementor-element-1e1c22f w-100\" data-id=\"1e1c22f\" data-element_type=\"column\">\r\n\t\t\t\t\t<div class=\"elementor-widget-wrap elementor-element-populated\">\r\n\t\t\t\t\t\t\t\t<div class=\"elementor-element elementor-element-a1de538 elementor-widget elementor-widget-shortcode\" data-id=\"a1de538\" data-element_type=\"widget\" data-widget_type=\"shortcode.default\">\n\t\t\t\t<div class=\"elementor-widget-container\">\n\t\t\t\t\t\t\t<div class=\"elementor-shortcode\">    <div class=\"courses-container course-type-opconetwork\">\n        <div class=\"courses-filters\">\n            <div class=\"category-filters\">\n                <ul class=\"category-list\">\n                    <li>\n                        <a href=\"#\" class=\"category-link active\" data-category=\"\">Todas<\/a>\n                    <\/li>\n                                            <li>\n                            <a href=\"#\" class=\"category-link\" data-category=\"odette\">\n                                Odette                            <\/a>\n                        <\/li>\n                                            <li>\n                            <a href=\"#\" class=\"category-link\" data-category=\"oficial-opco\">\n                                Oficial Opco                            <\/a>\n                        <\/li>\n                                            <li>\n                            <a href=\"#\" class=\"category-link\" data-category=\"vda-qmc\">\n                                VDA-QMC                            <\/a>\n                        <\/li>\n                                    <\/ul>\n            <\/div>\n\n            <div class=\"search-box\">\n                <input type=\"text\" id=\"course-search\" placeholder=\"Pesquisar forma\u00e7\u00f5es...\">\n            <\/div>\n        <\/div>\n\n        <div class=\"courses-grid\" id=\"courses-grid\">\n                                <div class=\"course-card oficial-opco\">\n                                                    <a href=\"https:\/\/opco.pt\/es\/formacao\/mmog-le-v6-materials-management-and-logistics-assessment\/\">\n                                <div class=\"course-thumbnail\">\n                                    <img fetchpriority=\"high\" decoding=\"async\" width=\"300\" height=\"169\" src=\"https:\/\/opco.pt\/wp-content\/uploads\/2025\/03\/MMOGLe-v6-Materials-Management-and-Logistics-Assessment-300x169.jpeg\" class=\"attachment-medium size-medium wp-post-image\" alt=\"\" \/>                                <\/div>\n                            <\/a>\n                        \n                        <div class=\"course-content\">\n                            <h2 class=\"course-title\">MMOG\/Le v6 Materials Management and Logistics Assessment<\/h2>\n                            <a href=\"https:\/\/opco.pt\/es\/formacao\/mmog-le-v6-materials-management-and-logistics-assessment\/\" class=\"course-link\">\n                                <span>Ler Mais<\/span>\n                                <i class=\"porto-icon-long-arrow-alt\"><\/i>\n                            <\/a>\n                        <\/div>\n                    <\/div>\n                                <div class=\"course-card oficial-opco\">\n                                                    <a href=\"https:\/\/opco.pt\/es\/formacao\/aqpq-stellantis\/\">\n                                <div class=\"course-thumbnail\">\n                                    <img decoding=\"async\" width=\"300\" height=\"169\" src=\"https:\/\/opco.pt\/wp-content\/uploads\/2025\/03\/AQPQ-Stellantis-300x169.jpeg\" class=\"attachment-medium size-medium wp-post-image\" alt=\"\" \/>                                <\/div>\n                            <\/a>\n                        \n                        <div class=\"course-content\">\n                            <h2 class=\"course-title\">AQPQ Stellantis<\/h2>\n                            <a href=\"https:\/\/opco.pt\/es\/formacao\/aqpq-stellantis\/\" class=\"course-link\">\n                                <span>Ler Mais<\/span>\n                                <i class=\"porto-icon-long-arrow-alt\"><\/i>\n                            <\/a>\n                        <\/div>\n                    <\/div>\n                    <\/div>\n\n            <\/div>\n\n    <\/div>\n\t\t\t\t\t\t<\/div>\n\t\t\t\t<\/div>\n\t\t\t\t\t<\/div>\r\n\t\t\t\t<\/div>\r\n\t\t\t\t\t<\/div>\r\n\t\t\t\t<\/section>\r\n\t\t<div class=\"elementor-element elementor-element-33d8d40 e-flex e-con-boxed e-con e-parent\" data-id=\"33d8d40\" data-element_type=\"container\">\r\n\t\t\t\t\t<div class=\"e-con-inner\">\r\n\t\t<div class=\"elementor-element elementor-element-398dd6d e-con-full e-flex elementor-invisible e-con e-child\" data-id=\"398dd6d\" data-element_type=\"container\" data-settings=\"{&quot;background_background&quot;:&quot;classic&quot;,&quot;animation&quot;:&quot;fadeInLeft&quot;}\">\r\n\t\t\t\t<div class=\"elementor-element elementor-element-a2c4d55 custom-highlight-1 mb-2 elementor-widget elementor-widget-porto_ultimate_heading\" data-id=\"a2c4d55\" data-element_type=\"widget\" data-widget_type=\"porto_ultimate_heading.default\">\n\t\t\t\t<div class=\"elementor-widget-container\">\n\t\t\t\t\t<div class=\"porto-u-heading  porto-u-55ca8359258f9a412be7e73af65d2aac\"><div class=\"porto-u-main-heading heading-highlight\" data-appear-animation=\"highlightProgress\"><h4  ><mark>PLAN DE FORMACI\u00d3N<\/mark><\/h4><\/div><style>.porto-u-55ca8359258f9a412be7e73af65d2aac.porto-u-heading{text-align:center}<\/style><\/div>\t\t\t\t<\/div>\n\t\t\t\t<\/div>\n\t\t\t\t<div class=\"elementor-element elementor-element-8dca4e2 elementor-invisible elementor-widget elementor-widget-heading\" data-id=\"8dca4e2\" data-element_type=\"widget\" data-settings=\"{&quot;_animation&quot;:&quot;fadeInUp&quot;,&quot;_animation_delay&quot;:250}\" data-widget_type=\"heading.default\">\n\t\t\t\t<div class=\"elementor-widget-container\">\n\t\t\t\t\t<h2 class=\"elementor-heading-title elementor-size-default\">Consulte nuestro plan de formaci\u00f3n\n<\/h2>\t\t\t\t<\/div>\n\t\t\t\t<\/div>\n\t\t<div class=\"elementor-element elementor-element-e142619 e-con-full e-flex elementor-invisible e-con e-child\" data-id=\"e142619\" data-element_type=\"container\" data-settings=\"{&quot;animation&quot;:&quot;fadeInUp&quot;}\">\r\n\t\t\t\t<div class=\"elementor-element elementor-element-f0f8c33 elementor-position-left elementor-vertical-align-middle elementor-mobile-position-left elementor-view-default elementor-widget elementor-widget-icon-box\" data-id=\"f0f8c33\" data-element_type=\"widget\" data-widget_type=\"icon-box.default\">\n\t\t\t\t<div class=\"elementor-widget-container\">\n\t\t\t\t\t\t\t<div class=\"elementor-icon-box-wrapper\">\n\n\t\t\t\t\t\t<div class=\"elementor-icon-box-icon\">\n\t\t\t\t<a href=\"https:\/\/opco.pt\/es\/plano-formacao-2024\/\" target=\"_blank\" class=\"elementor-icon\" tabindex=\"-1\" aria-label=\"Plan de Formaci\u00f3n 2024\">\n\t\t\t\t<svg aria-hidden=\"true\" class=\"e-font-icon-svg e-far-file-pdf\" viewBox=\"0 0 384 512\" xmlns=\"http:\/\/www.w3.org\/2000\/svg\"><path d=\"M369.9 97.9L286 14C277 5 264.8-.1 252.1-.1H48C21.5 0 0 21.5 0 48v416c0 26.5 21.5 48 48 48h288c26.5 0 48-21.5 48-48V131.9c0-12.7-5.1-25-14.1-34zM332.1 128H256V51.9l76.1 76.1zM48 464V48h160v104c0 13.3 10.7 24 24 24h104v288H48zm250.2-143.7c-12.2-12-47-8.7-64.4-6.5-17.2-10.5-28.7-25-36.8-46.3 3.9-16.1 10.1-40.6 5.4-56-4.2-26.2-37.8-23.6-42.6-5.9-4.4 16.1-.4 38.5 7 67.1-10 23.9-24.9 56-35.4 74.4-20 10.3-47 26.2-51 46.2-3.3 15.8 26 55.2 76.1-31.2 22.4-7.4 46.8-16.5 68.4-20.1 18.9 10.2 41 17 55.8 17 25.5 0 28-28.2 17.5-38.7zm-198.1 77.8c5.1-13.7 24.5-29.5 30.4-35-19 30.3-30.4 35.7-30.4 35zm81.6-190.6c7.4 0 6.7 32.1 1.8 40.8-4.4-13.9-4.3-40.8-1.8-40.8zm-24.4 136.6c9.7-16.9 18-37 24.7-54.7 8.3 15.1 18.9 27.2 30.1 35.5-20.8 4.3-38.9 13.1-54.8 19.2zm131.6-5s-5 6-37.3-7.8c35.1-2.6 40.9 5.4 37.3 7.8z\"><\/path><\/svg>\t\t\t\t<\/a>\n\t\t\t<\/div>\n\t\t\t\n\t\t\t\t\t\t<div class=\"elementor-icon-box-content\">\n\n\t\t\t\t\t\t\t\t\t<h4 class=\"elementor-icon-box-title\">\n\t\t\t\t\t\t<a href=\"https:\/\/opco.pt\/es\/plano-formacao-2024\/\" target=\"_blank\" >\n\t\t\t\t\t\t\tPlan de Formaci\u00f3n 2024\t\t\t\t\t\t<\/a>\n\t\t\t\t\t<\/h4>\n\t\t\t\t\n\t\t\t\t\n\t\t\t<\/div>\n\t\t\t\n\t\t<\/div>\n\t\t\t\t\t\t<\/div>\n\t\t\t\t<\/div>\n\t\t\t\t<\/div>\n\t\t\t\t<div class=\"elementor-element elementor-element-cb8fcfe elementor-widget elementor-widget-text-editor\" data-id=\"cb8fcfe\" data-element_type=\"widget\" data-settings=\"{&quot;_animation_mobile&quot;:&quot;zoomIn&quot;}\" data-widget_type=\"text-editor.default\">\n\t\t\t\t<div class=\"elementor-widget-container\">\n\t\t\t\t\t\t\t\t\t<p style=\"text-align: center;\">Consulte nuestro cat\u00e1logo de formaciones <span style=\"text-decoration: underline;\"><span style=\"color: #ffffff;\"><a style=\"color: #ffffff; text-decoration: underline;\" href=\"https:\/\/opco.pt\/es\/catalogo-formacao-2\/\" target=\"_blank\" rel=\"noopener\">aqu\u00ed<\/a><\/span><\/span>.<\/p>\t\t\t\t\t\t\t\t<\/div>\n\t\t\t\t<\/div>\n\t\t\t\t<\/div>\n\t\t\t\t\t<\/div>\n\t\t\t\t<\/div>\n\t\t\t\t<\/div>\n\t\t","protected":false},"excerpt":{"rendered":"<p>PLAN DE FORMACI\u00d3N Consulte nuestro plan de formaci\u00f3n Plan de Formaci\u00f3n 2024 Consulte nuestro cat\u00e1logo de formaciones aqu\u00ed.<\/p>\n","protected":false},"author":2,"featured_media":0,"parent":0,"menu_order":0,"comment_status":"closed","ping_status":"closed","template":"","meta":{"_acf_changed":false,"content-type":"","footnotes":""},"class_list":["post-11916","page","type-page","status-publish","hentry"],"acf":[],"yoast_head":"<!-- This site is optimized with the Yoast SEO plugin v25.3.1 - https:\/\/yoast.com\/wordpress\/plugins\/seo\/ -->\n<title>Formaci\u00f3n OPCONetwork - Opco<\/title>\n<meta name=\"robots\" content=\"index, follow, max-snippet:-1, max-image-preview:large, max-video-preview:-1\" \/>\n<link rel=\"canonical\" href=\"https:\/\/opco.pt\/es\/formacion-opconetwork\/\" \/>\n<meta property=\"og:locale\" content=\"es_ES\" \/>\n<meta property=\"og:type\" content=\"article\" \/>\n<meta property=\"og:title\" content=\"Formaci\u00f3n OPCONetwork - Opco\" \/>\n<meta property=\"og:description\" content=\"PLAN DE FORMACI\u00d3N Consulte nuestro plan de formaci\u00f3n Plan de Formaci\u00f3n 2024 Consulte nuestro cat\u00e1logo de formaciones aqu\u00ed.\" \/>\n<meta property=\"og:url\" content=\"https:\/\/opco.pt\/es\/formacion-opconetwork\/\" \/>\n<meta property=\"og:site_name\" content=\"Opco\" \/>\n<meta property=\"article:publisher\" content=\"https:\/\/www.facebook.com\/rhopcoacademia\/\" \/>\n<meta property=\"article:modified_time\" content=\"2025-07-08T13:21:07+00:00\" \/>\n<meta name=\"twitter:card\" content=\"summary_large_image\" \/>\n<script type=\"application\/ld+json\" class=\"yoast-schema-graph\">{\"@context\":\"https:\/\/schema.org\",\"@graph\":[{\"@type\":\"WebPage\",\"@id\":\"https:\/\/opco.pt\/es\/formacion-opconetwork\/\",\"url\":\"https:\/\/opco.pt\/es\/formacion-opconetwork\/\",\"name\":\"Formaci\u00f3n OPCONetwork - Opco\",\"isPartOf\":{\"@id\":\"https:\/\/opco.pt\/#website\"},\"datePublished\":\"2025-03-18T12:12:15+00:00\",\"dateModified\":\"2025-07-08T13:21:07+00:00\",\"breadcrumb\":{\"@id\":\"https:\/\/opco.pt\/es\/formacion-opconetwork\/#breadcrumb\"},\"inLanguage\":\"es\",\"potentialAction\":[{\"@type\":\"ReadAction\",\"target\":[\"https:\/\/opco.pt\/es\/formacion-opconetwork\/\"]}]},{\"@type\":\"BreadcrumbList\",\"@id\":\"https:\/\/opco.pt\/es\/formacion-opconetwork\/#breadcrumb\",\"itemListElement\":[{\"@type\":\"ListItem\",\"position\":1,\"name\":\"In\u00edcio\",\"item\":\"https:\/\/opco.pt\/es\/inicio\/\"},{\"@type\":\"ListItem\",\"position\":2,\"name\":\"Formaci\u00f3n OPCONetwork\"}]},{\"@type\":\"WebSite\",\"@id\":\"https:\/\/opco.pt\/#website\",\"url\":\"https:\/\/opco.pt\/\",\"name\":\"Opco\",\"description\":\"Creating Solutions\",\"publisher\":{\"@id\":\"https:\/\/opco.pt\/#organization\"},\"potentialAction\":[{\"@type\":\"SearchAction\",\"target\":{\"@type\":\"EntryPoint\",\"urlTemplate\":\"https:\/\/opco.pt\/?s={search_term_string}\"},\"query-input\":{\"@type\":\"PropertyValueSpecification\",\"valueRequired\":true,\"valueName\":\"search_term_string\"}}],\"inLanguage\":\"es\"},{\"@type\":\"Organization\",\"@id\":\"https:\/\/opco.pt\/#organization\",\"name\":\"Opco\",\"url\":\"https:\/\/opco.pt\/\",\"logo\":{\"@type\":\"ImageObject\",\"inLanguage\":\"es\",\"@id\":\"https:\/\/opco.pt\/#\/schema\/logo\/image\/\",\"url\":\"https:\/\/opco.pt\/wp-content\/uploads\/2025\/04\/logo_opco_vda-qmc.png\",\"contentUrl\":\"https:\/\/opco.pt\/wp-content\/uploads\/2025\/04\/logo_opco_vda-qmc.png\",\"width\":940,\"height\":321,\"caption\":\"Opco\"},\"image\":{\"@id\":\"https:\/\/opco.pt\/#\/schema\/logo\/image\/\"},\"sameAs\":[\"https:\/\/www.facebook.com\/rhopcoacademia\/\",\"https:\/\/www.youtube.com\/@opcocreatingsolutions7561\",\"https:\/\/www.instagram.com\/opcocreatingsolutions\/\",\"https:\/\/pt.linkedin.com\/company\/rhopcoacademia\"]}]}<\/script>\n<!-- \/ Yoast SEO plugin. -->","yoast_head_json":{"title":"Formaci\u00f3n OPCONetwork - Opco","robots":{"index":"index","follow":"follow","max-snippet":"max-snippet:-1","max-image-preview":"max-image-preview:large","max-video-preview":"max-video-preview:-1"},"canonical":"https:\/\/opco.pt\/es\/formacion-opconetwork\/","og_locale":"es_ES","og_type":"article","og_title":"Formaci\u00f3n OPCONetwork - Opco","og_description":"PLAN DE FORMACI\u00d3N Consulte nuestro plan de formaci\u00f3n Plan de Formaci\u00f3n 2024 Consulte nuestro cat\u00e1logo de formaciones aqu\u00ed.","og_url":"https:\/\/opco.pt\/es\/formacion-opconetwork\/","og_site_name":"Opco","article_publisher":"https:\/\/www.facebook.com\/rhopcoacademia\/","article_modified_time":"2025-07-08T13:21:07+00:00","twitter_card":"summary_large_image","schema":{"@context":"https:\/\/schema.org","@graph":[{"@type":"WebPage","@id":"https:\/\/opco.pt\/es\/formacion-opconetwork\/","url":"https:\/\/opco.pt\/es\/formacion-opconetwork\/","name":"Formaci\u00f3n OPCONetwork - Opco","isPartOf":{"@id":"https:\/\/opco.pt\/#website"},"datePublished":"2025-03-18T12:12:15+00:00","dateModified":"2025-07-08T13:21:07+00:00","breadcrumb":{"@id":"https:\/\/opco.pt\/es\/formacion-opconetwork\/#breadcrumb"},"inLanguage":"es","potentialAction":[{"@type":"ReadAction","target":["https:\/\/opco.pt\/es\/formacion-opconetwork\/"]}]},{"@type":"BreadcrumbList","@id":"https:\/\/opco.pt\/es\/formacion-opconetwork\/#breadcrumb","itemListElement":[{"@type":"ListItem","position":1,"name":"In\u00edcio","item":"https:\/\/opco.pt\/es\/inicio\/"},{"@type":"ListItem","position":2,"name":"Formaci\u00f3n OPCONetwork"}]},{"@type":"WebSite","@id":"https:\/\/opco.pt\/#website","url":"https:\/\/opco.pt\/","name":"Opco","description":"Creating Solutions","publisher":{"@id":"https:\/\/opco.pt\/#organization"},"potentialAction":[{"@type":"SearchAction","target":{"@type":"EntryPoint","urlTemplate":"https:\/\/opco.pt\/?s={search_term_string}"},"query-input":{"@type":"PropertyValueSpecification","valueRequired":true,"valueName":"search_term_string"}}],"inLanguage":"es"},{"@type":"Organization","@id":"https:\/\/opco.pt\/#organization","name":"Opco","url":"https:\/\/opco.pt\/","logo":{"@type":"ImageObject","inLanguage":"es","@id":"https:\/\/opco.pt\/#\/schema\/logo\/image\/","url":"https:\/\/opco.pt\/wp-content\/uploads\/2025\/04\/logo_opco_vda-qmc.png","contentUrl":"https:\/\/opco.pt\/wp-content\/uploads\/2025\/04\/logo_opco_vda-qmc.png","width":940,"height":321,"caption":"Opco"},"image":{"@id":"https:\/\/opco.pt\/#\/schema\/logo\/image\/"},"sameAs":["https:\/\/www.facebook.com\/rhopcoacademia\/","https:\/\/www.youtube.com\/@opcocreatingsolutions7561","https:\/\/www.instagram.com\/opcocreatingsolutions\/","https:\/\/pt.linkedin.com\/company\/rhopcoacademia"]}]}},"_links":{"self":[{"href":"https:\/\/opco.pt\/es\/wp-json\/wp\/v2\/pages\/11916","targetHints":{"allow":["GET"]}}],"collection":[{"href":"https:\/\/opco.pt\/es\/wp-json\/wp\/v2\/pages"}],"about":[{"href":"https:\/\/opco.pt\/es\/wp-json\/wp\/v2\/types\/page"}],"author":[{"embeddable":true,"href":"https:\/\/opco.pt\/es\/wp-json\/wp\/v2\/users\/2"}],"replies":[{"embeddable":true,"href":"https:\/\/opco.pt\/es\/wp-json\/wp\/v2\/comments?post=11916"}],"version-history":[{"count":3,"href":"https:\/\/opco.pt\/es\/wp-json\/wp\/v2\/pages\/11916\/revisions"}],"predecessor-version":[{"id":12362,"href":"https:\/\/opco.pt\/es\/wp-json\/wp\/v2\/pages\/11916\/revisions\/12362"}],"wp:attachment":[{"href":"https:\/\/opco.pt\/es\/wp-json\/wp\/v2\/media?parent=11916"}],"curies":[{"name":"wp","href":"https:\/\/api.w.org\/{rel}","templated":true}]}}