{"id":11957,"date":"2021-02-11T01:45:31","date_gmt":"2021-02-11T01:45:31","guid":{"rendered":"https:\/\/opco.pt\/contactos\/"},"modified":"2025-07-08T13:18:01","modified_gmt":"2025-07-08T13:18:01","slug":"contactos","status":"publish","type":"page","link":"https:\/\/opco.pt\/es\/contactos\/","title":{"rendered":"Contactos"},"content":{"rendered":"\t\t<div data-elementor-type=\"wp-page\" data-elementor-id=\"11957\" class=\"elementor elementor-11957 elementor-149\" data-elementor-post-type=\"page\">\n\t\t\t\t\t\t<section class=\"elementor-section elementor-top-section elementor-element elementor-element-82760ac elementor-section-content-middle custom-box-1 mt-5 elementor-section-boxed elementor-section-height-default elementor-section-height-default\" data-id=\"82760ac\" data-element_type=\"section\" id=\"contactos\" data-settings=\"{&quot;background_background&quot;:&quot;classic&quot;}\">\r\n\t\t\r\n\t\t\t\t\t\t\t<div class=\"elementor-container elementor-column-gap-no\">\r\n\t\t\t\t\t\t\t\t\t\t\t<div class=\"elementor-column elementor-col-50 elementor-top-column elementor-element elementor-element-2dbc23d\" data-id=\"2dbc23d\" data-element_type=\"column\" data-settings=\"{&quot;background_background&quot;:&quot;classic&quot;}\">\r\n\t\t\t\t\t<div class=\"elementor-widget-wrap elementor-element-populated\">\r\n\t\t\t\t\t\t\t\t<div class=\"elementor-section elementor-inner-section elementor-element elementor-element-5ae8575 custom-pos-center elementor-section-boxed elementor-section-height-default elementor-section-height-default\" data-id=\"5ae8575\" data-element_type=\"section\">\r\n\t\t\r\n\t\t\t\t\t\t\t<div class=\"elementor-container elementor-column-gap-default\">\r\n\t\t\t\t\t\t\t\t\t\t\t<div class=\"elementor-column elementor-col-100 elementor-inner-column elementor-element elementor-element-ab62b4e w-100\" data-id=\"ab62b4e\" data-element_type=\"column\">\r\n\t\t\t\t\t<div class=\"elementor-widget-wrap elementor-element-populated\">\r\n\t\t\t\t\t\t\t\t<div class=\"elementor-element elementor-element-89294a4 elementor-widget__width-inherit elementor-widget elementor-widget-porto_info_box\" data-id=\"89294a4\" data-element_type=\"widget\" data-widget_type=\"porto_info_box.default\">\n\t\t\t\t<div class=\"elementor-widget-container\">\n\t\t\t\t\t<div class=\"porto-sicon-box style_1 top-icon\"><div class=\"porto-sicon-top\"><div class=\"porto-just-icon-wrapper porto-icon none\" style=\"\"><i class=\"porto-icon-map-location\"><\/i><\/div><\/div><div class=\"porto-sicon-header\"><h3 class=\"porto-sicon-title\" style=\"\">Azeit\u00e3o Office Center<\/h3><p >Rua Jos\u00e9 Augusto Coelho, N\u00ba 158<br> 2925-539 Vila Nogueira de Azeit\u00e3o<\/p><\/div> <!-- header --><\/div><!-- porto-sicon-box -->\t\t\t\t<\/div>\n\t\t\t\t<\/div>\n\t\t\t\t<div class=\"elementor-element elementor-element-ac9cc17 custom-location text-color-hover-primary elementor-widget elementor-widget-porto_info_box\" data-id=\"ac9cc17\" data-element_type=\"widget\" data-widget_type=\"porto_info_box.default\">\n\t\t\t\t<div class=\"elementor-widget-container\">\n\t\t\t\t\t<div class=\"porto-sicon-box style_1 default-icon\"><div class=\"porto-sicon-default\"><div class=\"porto-just-icon-wrapper porto-icon none\" style=\"margin-right:8px;\"><i class=\"porto-icon-phone-call\"><\/i><\/div><\/div><div class=\"porto-sicon-header\"><a class=\"porto-sicon-box-link\" href=\"tel:+351210152492\"><h3 class=\"porto-sicon-title\" style=\"\">+351 210 152 492<\/h3><\/a><\/div> <!-- header --><\/div><!-- porto-sicon-box -->\t\t\t\t<\/div>\n\t\t\t\t<\/div>\n\t\t\t\t\t<\/div>\r\n\t\t\t\t<\/div>\r\n\t\t\t\t\t<\/div>\r\n\t\t\t\t<\/div>\r\n\t\t\t\t<div class=\"elementor-section elementor-inner-section elementor-element elementor-element-650696c custom-pos-center elementor-section-boxed elementor-section-height-default elementor-section-height-default\" data-id=\"650696c\" data-element_type=\"section\">\r\n\t\t\r\n\t\t\t\t\t\t\t<div class=\"elementor-container elementor-column-gap-default\">\r\n\t\t\t\t\t\t\t\t\t\t\t<div class=\"elementor-column elementor-col-100 elementor-inner-column elementor-element elementor-element-84784cd w-100 text-center \" data-id=\"84784cd\" data-element_type=\"column\">\r\n\t\t\t\t\t<div class=\"elementor-widget-wrap elementor-element-populated\">\r\n\t\t\t\t\t\t\t\t<div class=\"elementor-element elementor-element-f996555 elementor-widget elementor-widget-heading\" data-id=\"f996555\" data-element_type=\"widget\" data-widget_type=\"heading.default\">\n\t\t\t\t<div class=\"elementor-widget-container\">\n\t\t\t\t\t<h3 class=\"elementor-heading-title elementor-size-default\">ENV\u00cdENOS UN EMAIL<\/h3>\t\t\t\t<\/div>\n\t\t\t\t<\/div>\n\t\t\t\t<div class=\"elementor-element elementor-element-e335bf3 custom-location custom-email text-color-hover-primary elementor-widget elementor-widget-porto_info_box\" data-id=\"e335bf3\" data-element_type=\"widget\" data-widget_type=\"porto_info_box.default\">\n\t\t\t\t<div class=\"elementor-widget-container\">\n\t\t\t\t\t<div class=\"porto-sicon-box style_1 default-icon\"><div class=\"porto-sicon-default\"><div class=\"porto-just-icon-wrapper porto-icon none\" style=\"margin-right:8px;\"><i class=\"porto-icon-atmark\"><\/i><\/div><\/div><div class=\"porto-sicon-header\"><a class=\"porto-sicon-box-link\" href=\"mailto:opco@opco.pt\"><h3 class=\"porto-sicon-title\" style=\"\">opco@opco.pt<\/h3><\/a><\/div> <!-- header --><\/div><!-- porto-sicon-box -->\t\t\t\t<\/div>\n\t\t\t\t<\/div>\n\t\t\t\t<div class=\"elementor-element elementor-element-63e0418 custom-location custom-email text-color-hover-primary elementor-widget elementor-widget-porto_info_box\" data-id=\"63e0418\" data-element_type=\"widget\" data-widget_type=\"porto_info_box.default\">\n\t\t\t\t<div class=\"elementor-widget-container\">\n\t\t\t\t\t<div class=\"porto-sicon-box style_1 default-icon\"><div class=\"porto-sicon-default\"><div class=\"porto-just-icon-wrapper porto-icon none\" style=\"margin-right:8px;\"><i class=\"porto-icon-atmark\"><\/i><\/div><\/div><div class=\"porto-sicon-header\"><a class=\"porto-sicon-box-link\" href=\"mailto:academia@opco.pt\"><h3 class=\"porto-sicon-title\" style=\"\">academia@opco.pt<\/h3><\/a><\/div> <!-- header --><\/div><!-- porto-sicon-box -->\t\t\t\t<\/div>\n\t\t\t\t<\/div>\n\t\t\t\t\t<\/div>\r\n\t\t\t\t<\/div>\r\n\t\t\t\t\t<\/div>\r\n\t\t\t\t<\/div>\r\n\t\t\t\t\t<\/div>\r\n\t\t\t\t<\/div>\r\n\t\t\t\t<div class=\"elementor-column elementor-col-50 elementor-top-column elementor-element elementor-element-7f69d3a\" data-id=\"7f69d3a\" data-element_type=\"column\" data-settings=\"{&quot;background_background&quot;:&quot;classic&quot;}\">\r\n\t\t\t\t\t<div class=\"elementor-widget-wrap elementor-element-populated\">\r\n\t\t\t\t\t\t\t\t<div class=\"elementor-element elementor-element-62c9bc7 elementor-invisible elementor-widget elementor-widget-porto_ultimate_heading\" data-id=\"62c9bc7\" data-element_type=\"widget\" data-settings=\"{&quot;_animation&quot;:&quot;fadeInUp&quot;,&quot;_animation_delay&quot;:250}\" data-widget_type=\"porto_ultimate_heading.default\">\n\t\t\t\t<div class=\"elementor-widget-container\">\n\t\t\t\t\t<div class=\"porto-u-heading  porto-u-ad87e2eaf3f9c495180fe0156ddf3eb0\"><div class=\"porto-u-main-heading\"><h3    style=\"margin-bottom: 24px;\">Env\u00edenos un mensaje...<\/h3><\/div><style>.porto-u-ad87e2eaf3f9c495180fe0156ddf3eb0.porto-u-heading{text-align:left}<\/style><\/div>\t\t\t\t<\/div>\n\t\t\t\t<\/div>\n\t\t\t\t<div class=\"elementor-element elementor-element-a5f3f16 elementor-widget elementor-widget-porto_contact_form\" data-id=\"a5f3f16\" data-element_type=\"widget\" data-widget_type=\"porto_contact_form.default\">\n\t\t\t\t<div class=\"elementor-widget-container\">\n\t\t\t\t\t\n<div class=\"wpcf7 no-js\" id=\"wpcf7-f38-o1\" lang=\"pt-PT\" dir=\"ltr\" data-wpcf7-id=\"38\">\n<div class=\"screen-reader-response\"><p role=\"status\" aria-live=\"polite\" aria-atomic=\"true\"><\/p> <ul><\/ul><\/div>\n<form action=\"\/es\/wp-json\/wp\/v2\/pages\/11957#wpcf7-f38-o1\" method=\"post\" class=\"wpcf7-form init\" aria-label=\"Formul\u00e1rio de contacto\" novalidate=\"novalidate\" data-status=\"init\">\n<fieldset class=\"hidden-fields-container\"><input type=\"hidden\" name=\"_wpcf7\" value=\"38\" \/><input type=\"hidden\" name=\"_wpcf7_version\" value=\"6.1\" \/><input type=\"hidden\" name=\"_wpcf7_locale\" value=\"pt_PT\" \/><input type=\"hidden\" name=\"_wpcf7_unit_tag\" value=\"wpcf7-f38-o1\" \/><input type=\"hidden\" name=\"_wpcf7_container_post\" value=\"0\" \/><input type=\"hidden\" name=\"_wpcf7_posted_data_hash\" value=\"\" \/><input type=\"hidden\" name=\"_wpcf7_recaptcha_response\" value=\"\" \/>\n<\/fieldset>\n<div class=\"mb-3\">\n    <span class=\"wpcf7-form-control-wrap\" data-name=\"your-name\"><input size=\"40\" maxlength=\"400\" class=\"wpcf7-form-control wpcf7-text wpcf7-validates-as-required form-control\" autocomplete=\"name\" aria-required=\"true\" aria-invalid=\"false\" placeholder=\"Nome\" value=\"\" type=\"text\" name=\"your-name\" \/><\/span> <\/div>\n\n<div class=\"mb-3\">\n    <span class=\"wpcf7-form-control-wrap\" data-name=\"your-email\"><input size=\"40\" maxlength=\"400\" class=\"wpcf7-form-control wpcf7-email wpcf7-validates-as-required wpcf7-text wpcf7-validates-as-email form-control\" autocomplete=\"email\" aria-required=\"true\" aria-invalid=\"false\" placeholder=\"Email\" value=\"\" type=\"email\" name=\"your-email\" \/><\/span> <\/div>\n\n<div class=\"mb-3\">\n    <span class=\"wpcf7-form-control-wrap\" data-name=\"your-subject\"><select class=\"wpcf7-form-control wpcf7-select form-control\" aria-invalid=\"false\" name=\"your-subject\"><option value=\"\">Selecione o assunto<\/option><option value=\"Forma\u00e7\u00e3o\">Forma\u00e7\u00e3o<\/option><option value=\"Auditoria\">Auditoria<\/option><option value=\"Consultoria\">Consultoria<\/option><option value=\"Ind\u00fastria e Servi\u00e7os\">Ind\u00fastria e Servi\u00e7os<\/option><option value=\"Outro Assunto\">Outro Assunto<\/option><\/select><\/span> <\/div>\n\n<div class=\"mb-3\">\n    <span class=\"wpcf7-form-control-wrap\" data-name=\"your-message\"><textarea cols=\"40\" rows=\"10\" maxlength=\"2000\" class=\"wpcf7-form-control wpcf7-textarea form-control\" aria-invalid=\"false\" placeholder=\"Mensagem (Indique na Mensagem o Servi\u00e7o Pretendido)\" name=\"your-message\"><\/textarea><\/span> <\/div>\n\n<div class=\"mb-3\">\n    <span class=\"wpcf7-form-control-wrap\" data-name=\"how-you-found-us\"><select class=\"wpcf7-form-control wpcf7-select form-control\" aria-invalid=\"false\" name=\"how-you-found-us\"><option value=\"\">Como teve conhecimento da nossa p\u00e1gina?<\/option><option value=\"Email\">Email<\/option><option value=\"Facebook\">Facebook<\/option><option value=\"LinkedIn\">LinkedIn<\/option><option value=\"Outro\">Outro<\/option><\/select><\/span> <\/div>\n\n<div class=\"mb-3\">\n    <span class=\"wpcf7-form-control-wrap\" data-name=\"acceptance-376\"><span class=\"wpcf7-form-control wpcf7-acceptance\"><span class=\"wpcf7-list-item\"><label><input type=\"checkbox\" name=\"acceptance-376\" value=\"1\" aria-invalid=\"false\" \/><span class=\"wpcf7-list-item-label\">Li e aceito os <a href=\"https:\/\/opco.pt\/termos-e-condicoes\/\" target=\"_blank\">termos e condi\u00e7\u00f5es<\/a> e a <a href=\"https:\/\/opco.pt\/politica-de-privacidade\/\" target=\"_blank\">pol\u00edtica de privacidade<\/a>.<\/span><\/label><\/span><\/span><\/span><\/div>\n\n\n<div class=\"custom-btn-style-1 custom-btn-primary d-inline-block\">\n    <input class=\"wpcf7-form-control wpcf7-submit has-spinner font-weight-semibold btn-primary\" type=\"submit\" value=\"Enviar\" \/>\n<\/div><p style=\"display: none !important;\" class=\"akismet-fields-container\" data-prefix=\"_wpcf7_ak_\"><label>&#916;<textarea name=\"_wpcf7_ak_hp_textarea\" cols=\"45\" rows=\"8\" maxlength=\"100\"><\/textarea><\/label><input type=\"hidden\" id=\"ak_js_1\" name=\"_wpcf7_ak_js\" value=\"245\"\/><script>document.getElementById( \"ak_js_1\" ).setAttribute( \"value\", ( new Date() ).getTime() );<\/script><\/p><div class=\"wpcf7-response-output\" aria-hidden=\"true\"><\/div>\n<\/form>\n<\/div>\n\t\t\t\t<\/div>\n\t\t\t\t<\/div>\n\t\t\t\t\t<\/div>\r\n\t\t\t\t<\/div>\r\n\t\t\t\t\t<\/div>\r\n\t\t\t\t<\/section>\r\n\t\t\t\t<section class=\"elementor-section elementor-top-section elementor-element elementor-element-e221078 elementor-section-boxed elementor-section-height-default elementor-section-height-default\" data-id=\"e221078\" data-element_type=\"section\">\r\n\t\t\r\n\t\t\t\t\t\t\t<div class=\"elementor-container elementor-column-gap-extended\">\r\n\t\t\t\t\t\t\t\t\t\t\t<div class=\"elementor-column elementor-col-100 elementor-top-column elementor-element elementor-element-857330b\" data-id=\"857330b\" data-element_type=\"column\">\r\n\t\t\t\t\t<div class=\"elementor-widget-wrap elementor-element-populated\">\r\n\t\t\t\t\t\t\t\t<div class=\"elementor-element elementor-element-2585cdc elementor-widget elementor-widget-google_maps\" data-id=\"2585cdc\" data-element_type=\"widget\" data-widget_type=\"google_maps.default\">\n\t\t\t\t<div class=\"elementor-widget-container\">\n\t\t\t\t\t\t\t<div class=\"elementor-custom-embed\">\n\t\t\t<iframe loading=\"lazy\"\n\t\t\t\t\tsrc=\"https:\/\/maps.google.com\/maps?q=opco&#038;t=m&#038;z=10&#038;output=embed&#038;iwloc=near\"\n\t\t\t\t\ttitle=\"opco\"\n\t\t\t\t\taria-label=\"opco\"\n\t\t\t><\/iframe>\n\t\t<\/div>\n\t\t\t\t\t\t<\/div>\n\t\t\t\t<\/div>\n\t\t\t\t\t<\/div>\r\n\t\t\t\t<\/div>\r\n\t\t\t\t\t<\/div>\r\n\t\t\t\t<\/section>\r\n\t\t\t\t<\/div>\n\t\t","protected":false},"excerpt":{"rendered":"<p>Azeit\u00e3o Office Center Rua Jos\u00e9 Augusto Coelho, N\u00ba 158 2925-539 Vila Nogueira de Azeit\u00e3o +351 210 152 492 ENV\u00cdENOS UN EMAIL Env\u00edenos un mensaje&#8230; Selecione o assuntoForma\u00e7\u00e3oAuditoriaConsultoriaInd\u00fastria e Servi\u00e7osOutro Assunto Como teve conhecimento da nossa p\u00e1gina?EmailFacebookLinkedInOutro Li e aceito os termos e condi\u00e7\u00f5es e a pol\u00edtica de privacidade. &#916;<\/p>\n","protected":false},"author":2,"featured_media":0,"parent":0,"menu_order":0,"comment_status":"closed","ping_status":"closed","template":"","meta":{"_acf_changed":false,"content-type":"","footnotes":""},"class_list":["post-11957","page","type-page","status-publish","hentry"],"acf":[],"yoast_head":"<!-- This site is optimized with the Yoast SEO plugin v25.3.1 - https:\/\/yoast.com\/wordpress\/plugins\/seo\/ -->\n<title>Contactos - Opco<\/title>\n<meta name=\"robots\" content=\"index, follow, max-snippet:-1, max-image-preview:large, max-video-preview:-1\" \/>\n<link rel=\"canonical\" href=\"https:\/\/opco.pt\/es\/contactos\/\" \/>\n<meta property=\"og:locale\" content=\"es_ES\" \/>\n<meta property=\"og:type\" content=\"article\" \/>\n<meta property=\"og:title\" content=\"Contactos - Opco\" \/>\n<meta property=\"og:description\" content=\"Azeit\u00e3o Office Center Rua Jos\u00e9 Augusto Coelho, N\u00ba 158 2925-539 Vila Nogueira de Azeit\u00e3o +351 210 152 492 ENV\u00cdENOS UN EMAIL Env\u00edenos un mensaje&#8230; Selecione o assuntoForma\u00e7\u00e3oAuditoriaConsultoriaInd\u00fastria e Servi\u00e7osOutro Assunto Como teve conhecimento da nossa p\u00e1gina?EmailFacebookLinkedInOutro Li e aceito os termos e condi\u00e7\u00f5es e a pol\u00edtica de privacidade. &#916;\" \/>\n<meta property=\"og:url\" content=\"https:\/\/opco.pt\/es\/contactos\/\" \/>\n<meta property=\"og:site_name\" content=\"Opco\" \/>\n<meta property=\"article:publisher\" content=\"https:\/\/www.facebook.com\/rhopcoacademia\/\" \/>\n<meta property=\"article:modified_time\" content=\"2025-07-08T13:18:01+00:00\" \/>\n<meta name=\"twitter:card\" content=\"summary_large_image\" \/>\n<script type=\"application\/ld+json\" class=\"yoast-schema-graph\">{\"@context\":\"https:\/\/schema.org\",\"@graph\":[{\"@type\":\"WebPage\",\"@id\":\"https:\/\/opco.pt\/es\/contactos\/\",\"url\":\"https:\/\/opco.pt\/es\/contactos\/\",\"name\":\"Contactos - Opco\",\"isPartOf\":{\"@id\":\"https:\/\/opco.pt\/#website\"},\"datePublished\":\"2021-02-11T01:45:31+00:00\",\"dateModified\":\"2025-07-08T13:18:01+00:00\",\"breadcrumb\":{\"@id\":\"https:\/\/opco.pt\/es\/contactos\/#breadcrumb\"},\"inLanguage\":\"es\",\"potentialAction\":[{\"@type\":\"ReadAction\",\"target\":[\"https:\/\/opco.pt\/es\/contactos\/\"]}]},{\"@type\":\"BreadcrumbList\",\"@id\":\"https:\/\/opco.pt\/es\/contactos\/#breadcrumb\",\"itemListElement\":[{\"@type\":\"ListItem\",\"position\":1,\"name\":\"In\u00edcio\",\"item\":\"https:\/\/opco.pt\/es\/inicio\/\"},{\"@type\":\"ListItem\",\"position\":2,\"name\":\"Contactos\"}]},{\"@type\":\"WebSite\",\"@id\":\"https:\/\/opco.pt\/#website\",\"url\":\"https:\/\/opco.pt\/\",\"name\":\"Opco\",\"description\":\"Creating Solutions\",\"publisher\":{\"@id\":\"https:\/\/opco.pt\/#organization\"},\"potentialAction\":[{\"@type\":\"SearchAction\",\"target\":{\"@type\":\"EntryPoint\",\"urlTemplate\":\"https:\/\/opco.pt\/?s={search_term_string}\"},\"query-input\":{\"@type\":\"PropertyValueSpecification\",\"valueRequired\":true,\"valueName\":\"search_term_string\"}}],\"inLanguage\":\"es\"},{\"@type\":\"Organization\",\"@id\":\"https:\/\/opco.pt\/#organization\",\"name\":\"Opco\",\"url\":\"https:\/\/opco.pt\/\",\"logo\":{\"@type\":\"ImageObject\",\"inLanguage\":\"es\",\"@id\":\"https:\/\/opco.pt\/#\/schema\/logo\/image\/\",\"url\":\"https:\/\/opco.pt\/wp-content\/uploads\/2025\/04\/logo_opco_vda-qmc.png\",\"contentUrl\":\"https:\/\/opco.pt\/wp-content\/uploads\/2025\/04\/logo_opco_vda-qmc.png\",\"width\":940,\"height\":321,\"caption\":\"Opco\"},\"image\":{\"@id\":\"https:\/\/opco.pt\/#\/schema\/logo\/image\/\"},\"sameAs\":[\"https:\/\/www.facebook.com\/rhopcoacademia\/\",\"https:\/\/www.youtube.com\/@opcocreatingsolutions7561\",\"https:\/\/www.instagram.com\/opcocreatingsolutions\/\",\"https:\/\/pt.linkedin.com\/company\/rhopcoacademia\"]}]}<\/script>\n<!-- \/ Yoast SEO plugin. -->","yoast_head_json":{"title":"Contactos - Opco","robots":{"index":"index","follow":"follow","max-snippet":"max-snippet:-1","max-image-preview":"max-image-preview:large","max-video-preview":"max-video-preview:-1"},"canonical":"https:\/\/opco.pt\/es\/contactos\/","og_locale":"es_ES","og_type":"article","og_title":"Contactos - Opco","og_description":"Azeit\u00e3o Office Center Rua Jos\u00e9 Augusto Coelho, N\u00ba 158 2925-539 Vila Nogueira de Azeit\u00e3o +351 210 152 492 ENV\u00cdENOS UN EMAIL Env\u00edenos un mensaje&#8230; Selecione o assuntoForma\u00e7\u00e3oAuditoriaConsultoriaInd\u00fastria e Servi\u00e7osOutro Assunto Como teve conhecimento da nossa p\u00e1gina?EmailFacebookLinkedInOutro Li e aceito os termos e condi\u00e7\u00f5es e a pol\u00edtica de privacidade. &#916;","og_url":"https:\/\/opco.pt\/es\/contactos\/","og_site_name":"Opco","article_publisher":"https:\/\/www.facebook.com\/rhopcoacademia\/","article_modified_time":"2025-07-08T13:18:01+00:00","twitter_card":"summary_large_image","schema":{"@context":"https:\/\/schema.org","@graph":[{"@type":"WebPage","@id":"https:\/\/opco.pt\/es\/contactos\/","url":"https:\/\/opco.pt\/es\/contactos\/","name":"Contactos - Opco","isPartOf":{"@id":"https:\/\/opco.pt\/#website"},"datePublished":"2021-02-11T01:45:31+00:00","dateModified":"2025-07-08T13:18:01+00:00","breadcrumb":{"@id":"https:\/\/opco.pt\/es\/contactos\/#breadcrumb"},"inLanguage":"es","potentialAction":[{"@type":"ReadAction","target":["https:\/\/opco.pt\/es\/contactos\/"]}]},{"@type":"BreadcrumbList","@id":"https:\/\/opco.pt\/es\/contactos\/#breadcrumb","itemListElement":[{"@type":"ListItem","position":1,"name":"In\u00edcio","item":"https:\/\/opco.pt\/es\/inicio\/"},{"@type":"ListItem","position":2,"name":"Contactos"}]},{"@type":"WebSite","@id":"https:\/\/opco.pt\/#website","url":"https:\/\/opco.pt\/","name":"Opco","description":"Creating Solutions","publisher":{"@id":"https:\/\/opco.pt\/#organization"},"potentialAction":[{"@type":"SearchAction","target":{"@type":"EntryPoint","urlTemplate":"https:\/\/opco.pt\/?s={search_term_string}"},"query-input":{"@type":"PropertyValueSpecification","valueRequired":true,"valueName":"search_term_string"}}],"inLanguage":"es"},{"@type":"Organization","@id":"https:\/\/opco.pt\/#organization","name":"Opco","url":"https:\/\/opco.pt\/","logo":{"@type":"ImageObject","inLanguage":"es","@id":"https:\/\/opco.pt\/#\/schema\/logo\/image\/","url":"https:\/\/opco.pt\/wp-content\/uploads\/2025\/04\/logo_opco_vda-qmc.png","contentUrl":"https:\/\/opco.pt\/wp-content\/uploads\/2025\/04\/logo_opco_vda-qmc.png","width":940,"height":321,"caption":"Opco"},"image":{"@id":"https:\/\/opco.pt\/#\/schema\/logo\/image\/"},"sameAs":["https:\/\/www.facebook.com\/rhopcoacademia\/","https:\/\/www.youtube.com\/@opcocreatingsolutions7561","https:\/\/www.instagram.com\/opcocreatingsolutions\/","https:\/\/pt.linkedin.com\/company\/rhopcoacademia"]}]}},"_links":{"self":[{"href":"https:\/\/opco.pt\/es\/wp-json\/wp\/v2\/pages\/11957","targetHints":{"allow":["GET"]}}],"collection":[{"href":"https:\/\/opco.pt\/es\/wp-json\/wp\/v2\/pages"}],"about":[{"href":"https:\/\/opco.pt\/es\/wp-json\/wp\/v2\/types\/page"}],"author":[{"embeddable":true,"href":"https:\/\/opco.pt\/es\/wp-json\/wp\/v2\/users\/2"}],"replies":[{"embeddable":true,"href":"https:\/\/opco.pt\/es\/wp-json\/wp\/v2\/comments?post=11957"}],"version-history":[{"count":7,"href":"https:\/\/opco.pt\/es\/wp-json\/wp\/v2\/pages\/11957\/revisions"}],"predecessor-version":[{"id":12336,"href":"https:\/\/opco.pt\/es\/wp-json\/wp\/v2\/pages\/11957\/revisions\/12336"}],"wp:attachment":[{"href":"https:\/\/opco.pt\/es\/wp-json\/wp\/v2\/media?parent=11957"}],"curies":[{"name":"wp","href":"https:\/\/api.w.org\/{rel}","templated":true}]}}