{"id":11961,"date":"2025-05-08T15:44:10","date_gmt":"2025-05-08T15:44:10","guid":{"rendered":"https:\/\/opco.pt\/auditorias\/"},"modified":"2025-07-08T13:16:08","modified_gmt":"2025-07-08T13:16:08","slug":"auditorias","status":"publish","type":"page","link":"https:\/\/opco.pt\/es\/auditorias\/","title":{"rendered":"Auditor\u00edas"},"content":{"rendered":"\t\t<div data-elementor-type=\"wp-page\" data-elementor-id=\"11961\" class=\"elementor elementor-11961 elementor-9476\" data-elementor-post-type=\"page\">\n\t\t\t\t<div class=\"elementor-element elementor-element-28cb7d8 e-flex e-con-boxed e-con e-parent\" data-id=\"28cb7d8\" data-element_type=\"container\">\r\n\t\t\t\t\t<div class=\"e-con-inner\">\r\n\t\t\t\t<div class=\"elementor-element elementor-element-4f7f25a elementor-widget elementor-widget-shortcode\" data-id=\"4f7f25a\" data-element_type=\"widget\" data-widget_type=\"shortcode.default\">\n\t\t\t\t<div class=\"elementor-widget-container\">\n\t\t\t\t\t\t\t<div class=\"elementor-shortcode\">    <div class=\"courses-container\">\n        <div class=\"courses-filters\">\n            \n\n            <div class=\"search-box\">\n                <input type=\"text\" id=\"course-search\" placeholder=\"Pesquisar auditorias...\">\n            <\/div>\n        <\/div>\n\n        <div class=\"courses-grid\" id=\"courses-grid\">\n                                <div class=\"course-card \">\n                        \n                        <div class=\"course-content\">\n                            <h2 class=\"course-title\">Auditoria ISO 22716<\/h2>\n                            <a href=\"https:\/\/opco.pt\/es\/auditoria\/auditoria-iso-22716\/\" class=\"course-link\">\n                                <span>Ler Mais<\/span>\n                                <i class=\"porto-icon-long-arrow-alt\"><\/i>\n                            <\/a>\n                        <\/div>\n                    <\/div>\n                                <div class=\"course-card \">\n                        \n                        <div class=\"course-content\">\n                            <h2 class=\"course-title\">Auditoria ISO 13485<\/h2>\n                            <a href=\"https:\/\/opco.pt\/es\/auditoria\/auditoria-iso-13485\/\" class=\"course-link\">\n                                <span>Ler Mais<\/span>\n                                <i class=\"porto-icon-long-arrow-alt\"><\/i>\n                            <\/a>\n                        <\/div>\n                    <\/div>\n                                <div class=\"course-card \">\n                        \n                        <div class=\"course-content\">\n                            <h2 class=\"course-title\">Auditoria aos Requisitos do Formel Q (D-TLD)<\/h2>\n                            <a href=\"https:\/\/opco.pt\/es\/auditoria\/auditoria-aos-requisitos-do-formel-q-d-tld\/\" class=\"course-link\">\n                                <span>Ler Mais<\/span>\n                                <i class=\"porto-icon-long-arrow-alt\"><\/i>\n                            <\/a>\n                        <\/div>\n                    <\/div>\n                                <div class=\"course-card \">\n                        \n                        <div class=\"course-content\">\n                            <h2 class=\"course-title\">Auditoria ISO 45001 &#8211; Sistemas de Gest\u00e3o de SST<\/h2>\n                            <a href=\"https:\/\/opco.pt\/es\/auditoria\/auditoria-iso-45001-sistemas-de-gestao-de-sst\/\" class=\"course-link\">\n                                <span>Ler Mais<\/span>\n                                <i class=\"porto-icon-long-arrow-alt\"><\/i>\n                            <\/a>\n                        <\/div>\n                    <\/div>\n                                <div class=\"course-card \">\n                        \n                        <div class=\"course-content\">\n                            <h2 class=\"course-title\">Auditoria aos CQI&#8217;s<\/h2>\n                            <a href=\"https:\/\/opco.pt\/es\/auditoria\/auditoria-aos-cqis\/\" class=\"course-link\">\n                                <span>Ler Mais<\/span>\n                                <i class=\"porto-icon-long-arrow-alt\"><\/i>\n                            <\/a>\n                        <\/div>\n                    <\/div>\n                                <div class=\"course-card \">\n                        \n                        <div class=\"course-content\">\n                            <h2 class=\"course-title\">Auditoria ISO 14001 e EMAS &#8211; Sistemas de Gest\u00e3o Ambiental<\/h2>\n                            <a href=\"https:\/\/opco.pt\/es\/auditoria\/auditoria-iso-14001-e-emas-sistemas-de-gestao-ambiental\/\" class=\"course-link\">\n                                <span>Ler Mais<\/span>\n                                <i class=\"porto-icon-long-arrow-alt\"><\/i>\n                            <\/a>\n                        <\/div>\n                    <\/div>\n                                <div class=\"course-card \">\n                        \n                        <div class=\"course-content\">\n                            <h2 class=\"course-title\">Auditorias NP 4457 &#8211; Certifica\u00e7\u00e3o de Sistemas de Gest\u00e3o, IDI<\/h2>\n                            <a href=\"https:\/\/opco.pt\/es\/auditoria\/auditorias-np-4457-certificacao-de-sistemas-de-gestao-idi\/\" class=\"course-link\">\n                                <span>Ler Mais<\/span>\n                                <i class=\"porto-icon-long-arrow-alt\"><\/i>\n                            <\/a>\n                        <\/div>\n                    <\/div>\n                                <div class=\"course-card \">\n                        \n                        <div class=\"course-content\">\n                            <h2 class=\"course-title\">Auditorias VDA 6.7<\/h2>\n                            <a href=\"https:\/\/opco.pt\/es\/auditoria\/auditorias-vda-6-7\/\" class=\"course-link\">\n                                <span>Ler Mais<\/span>\n                                <i class=\"porto-icon-long-arrow-alt\"><\/i>\n                            <\/a>\n                        <\/div>\n                    <\/div>\n                    <\/div>\n\n                    <div class=\"courses-pagination\">\n                <span aria-current=\"page\" class=\"page-numbers current\">1<\/span>\n<a class=\"page-numbers\" href=\"https:\/\/opco.pt\/es\/wp-json\/wp\/v2\/pages\/11961\/page\/2\/\">2<\/a>\n<a class=\"next page-numbers\" href=\"https:\/\/opco.pt\/es\/wp-json\/wp\/v2\/pages\/11961\/page\/2\/\">Seguinte &raquo;<\/a>            <\/div>\n            <\/div>\n\n    <\/div>\n\t\t\t\t\t\t<\/div>\n\t\t\t\t<\/div>\n\t\t\t\t\t<\/div>\n\t\t\t\t<\/div>\n\t\t\t\t<\/div>\n\t\t","protected":false},"excerpt":{"rendered":"","protected":false},"author":2,"featured_media":0,"parent":0,"menu_order":0,"comment_status":"closed","ping_status":"closed","template":"","meta":{"_acf_changed":false,"content-type":"","footnotes":""},"class_list":["post-11961","page","type-page","status-publish","hentry"],"acf":[],"yoast_head":"<!-- This site is optimized with the Yoast SEO plugin v25.3.1 - https:\/\/yoast.com\/wordpress\/plugins\/seo\/ -->\n<title>Auditor\u00edas - Opco<\/title>\n<meta name=\"robots\" content=\"index, follow, max-snippet:-1, max-image-preview:large, max-video-preview:-1\" \/>\n<link rel=\"canonical\" href=\"https:\/\/opco.pt\/es\/auditorias\/\" \/>\n<meta property=\"og:locale\" content=\"es_ES\" \/>\n<meta property=\"og:type\" content=\"article\" \/>\n<meta property=\"og:title\" content=\"Auditor\u00edas - Opco\" \/>\n<meta property=\"og:url\" content=\"https:\/\/opco.pt\/es\/auditorias\/\" \/>\n<meta property=\"og:site_name\" content=\"Opco\" \/>\n<meta property=\"article:publisher\" content=\"https:\/\/www.facebook.com\/rhopcoacademia\/\" \/>\n<meta property=\"article:modified_time\" content=\"2025-07-08T13:16:08+00:00\" \/>\n<meta name=\"twitter:card\" content=\"summary_large_image\" \/>\n<script type=\"application\/ld+json\" class=\"yoast-schema-graph\">{\"@context\":\"https:\/\/schema.org\",\"@graph\":[{\"@type\":\"WebPage\",\"@id\":\"https:\/\/opco.pt\/es\/auditorias\/\",\"url\":\"https:\/\/opco.pt\/es\/auditorias\/\",\"name\":\"Auditor\u00edas - Opco\",\"isPartOf\":{\"@id\":\"https:\/\/opco.pt\/#website\"},\"datePublished\":\"2025-05-08T15:44:10+00:00\",\"dateModified\":\"2025-07-08T13:16:08+00:00\",\"breadcrumb\":{\"@id\":\"https:\/\/opco.pt\/es\/auditorias\/#breadcrumb\"},\"inLanguage\":\"es\",\"potentialAction\":[{\"@type\":\"ReadAction\",\"target\":[\"https:\/\/opco.pt\/es\/auditorias\/\"]}]},{\"@type\":\"BreadcrumbList\",\"@id\":\"https:\/\/opco.pt\/es\/auditorias\/#breadcrumb\",\"itemListElement\":[{\"@type\":\"ListItem\",\"position\":1,\"name\":\"In\u00edcio\",\"item\":\"https:\/\/opco.pt\/es\/inicio\/\"},{\"@type\":\"ListItem\",\"position\":2,\"name\":\"Auditor\u00edas\"}]},{\"@type\":\"WebSite\",\"@id\":\"https:\/\/opco.pt\/#website\",\"url\":\"https:\/\/opco.pt\/\",\"name\":\"Opco\",\"description\":\"Creating Solutions\",\"publisher\":{\"@id\":\"https:\/\/opco.pt\/#organization\"},\"potentialAction\":[{\"@type\":\"SearchAction\",\"target\":{\"@type\":\"EntryPoint\",\"urlTemplate\":\"https:\/\/opco.pt\/?s={search_term_string}\"},\"query-input\":{\"@type\":\"PropertyValueSpecification\",\"valueRequired\":true,\"valueName\":\"search_term_string\"}}],\"inLanguage\":\"es\"},{\"@type\":\"Organization\",\"@id\":\"https:\/\/opco.pt\/#organization\",\"name\":\"Opco\",\"url\":\"https:\/\/opco.pt\/\",\"logo\":{\"@type\":\"ImageObject\",\"inLanguage\":\"es\",\"@id\":\"https:\/\/opco.pt\/#\/schema\/logo\/image\/\",\"url\":\"https:\/\/opco.pt\/wp-content\/uploads\/2025\/04\/logo_opco_vda-qmc.png\",\"contentUrl\":\"https:\/\/opco.pt\/wp-content\/uploads\/2025\/04\/logo_opco_vda-qmc.png\",\"width\":940,\"height\":321,\"caption\":\"Opco\"},\"image\":{\"@id\":\"https:\/\/opco.pt\/#\/schema\/logo\/image\/\"},\"sameAs\":[\"https:\/\/www.facebook.com\/rhopcoacademia\/\",\"https:\/\/www.youtube.com\/@opcocreatingsolutions7561\",\"https:\/\/www.instagram.com\/opcocreatingsolutions\/\",\"https:\/\/pt.linkedin.com\/company\/rhopcoacademia\"]}]}<\/script>\n<!-- \/ Yoast SEO plugin. -->","yoast_head_json":{"title":"Auditor\u00edas - Opco","robots":{"index":"index","follow":"follow","max-snippet":"max-snippet:-1","max-image-preview":"max-image-preview:large","max-video-preview":"max-video-preview:-1"},"canonical":"https:\/\/opco.pt\/es\/auditorias\/","og_locale":"es_ES","og_type":"article","og_title":"Auditor\u00edas - Opco","og_url":"https:\/\/opco.pt\/es\/auditorias\/","og_site_name":"Opco","article_publisher":"https:\/\/www.facebook.com\/rhopcoacademia\/","article_modified_time":"2025-07-08T13:16:08+00:00","twitter_card":"summary_large_image","schema":{"@context":"https:\/\/schema.org","@graph":[{"@type":"WebPage","@id":"https:\/\/opco.pt\/es\/auditorias\/","url":"https:\/\/opco.pt\/es\/auditorias\/","name":"Auditor\u00edas - Opco","isPartOf":{"@id":"https:\/\/opco.pt\/#website"},"datePublished":"2025-05-08T15:44:10+00:00","dateModified":"2025-07-08T13:16:08+00:00","breadcrumb":{"@id":"https:\/\/opco.pt\/es\/auditorias\/#breadcrumb"},"inLanguage":"es","potentialAction":[{"@type":"ReadAction","target":["https:\/\/opco.pt\/es\/auditorias\/"]}]},{"@type":"BreadcrumbList","@id":"https:\/\/opco.pt\/es\/auditorias\/#breadcrumb","itemListElement":[{"@type":"ListItem","position":1,"name":"In\u00edcio","item":"https:\/\/opco.pt\/es\/inicio\/"},{"@type":"ListItem","position":2,"name":"Auditor\u00edas"}]},{"@type":"WebSite","@id":"https:\/\/opco.pt\/#website","url":"https:\/\/opco.pt\/","name":"Opco","description":"Creating Solutions","publisher":{"@id":"https:\/\/opco.pt\/#organization"},"potentialAction":[{"@type":"SearchAction","target":{"@type":"EntryPoint","urlTemplate":"https:\/\/opco.pt\/?s={search_term_string}"},"query-input":{"@type":"PropertyValueSpecification","valueRequired":true,"valueName":"search_term_string"}}],"inLanguage":"es"},{"@type":"Organization","@id":"https:\/\/opco.pt\/#organization","name":"Opco","url":"https:\/\/opco.pt\/","logo":{"@type":"ImageObject","inLanguage":"es","@id":"https:\/\/opco.pt\/#\/schema\/logo\/image\/","url":"https:\/\/opco.pt\/wp-content\/uploads\/2025\/04\/logo_opco_vda-qmc.png","contentUrl":"https:\/\/opco.pt\/wp-content\/uploads\/2025\/04\/logo_opco_vda-qmc.png","width":940,"height":321,"caption":"Opco"},"image":{"@id":"https:\/\/opco.pt\/#\/schema\/logo\/image\/"},"sameAs":["https:\/\/www.facebook.com\/rhopcoacademia\/","https:\/\/www.youtube.com\/@opcocreatingsolutions7561","https:\/\/www.instagram.com\/opcocreatingsolutions\/","https:\/\/pt.linkedin.com\/company\/rhopcoacademia"]}]}},"_links":{"self":[{"href":"https:\/\/opco.pt\/es\/wp-json\/wp\/v2\/pages\/11961","targetHints":{"allow":["GET"]}}],"collection":[{"href":"https:\/\/opco.pt\/es\/wp-json\/wp\/v2\/pages"}],"about":[{"href":"https:\/\/opco.pt\/es\/wp-json\/wp\/v2\/types\/page"}],"author":[{"embeddable":true,"href":"https:\/\/opco.pt\/es\/wp-json\/wp\/v2\/users\/2"}],"replies":[{"embeddable":true,"href":"https:\/\/opco.pt\/es\/wp-json\/wp\/v2\/comments?post=11961"}],"version-history":[{"count":3,"href":"https:\/\/opco.pt\/es\/wp-json\/wp\/v2\/pages\/11961\/revisions"}],"predecessor-version":[{"id":12324,"href":"https:\/\/opco.pt\/es\/wp-json\/wp\/v2\/pages\/11961\/revisions\/12324"}],"wp:attachment":[{"href":"https:\/\/opco.pt\/es\/wp-json\/wp\/v2\/media?parent=11961"}],"curies":[{"name":"wp","href":"https:\/\/api.w.org\/{rel}","templated":true}]}}