{"id":11972,"date":"2025-05-08T15:44:43","date_gmt":"2025-05-08T15:44:43","guid":{"rendered":"https:\/\/opco.pt\/proyectos\/"},"modified":"2025-07-08T13:24:58","modified_gmt":"2025-07-08T13:24:58","slug":"proyectos","status":"publish","type":"page","link":"https:\/\/opco.pt\/es\/proyectos\/","title":{"rendered":"Proyectos"},"content":{"rendered":"\t\t<div data-elementor-type=\"wp-page\" data-elementor-id=\"11972\" class=\"elementor elementor-11972 elementor-9478\" data-elementor-post-type=\"page\">\n\t\t\t\t\t\t<section class=\"elementor-section elementor-top-section elementor-element elementor-element-8755f99 elementor-section-content-middle py-5 my-4 elementor-section-boxed elementor-section-height-default elementor-section-height-default\" data-id=\"8755f99\" data-element_type=\"section\">\r\n\t\t\r\n\t\t\t\t\t\t\t<div class=\"elementor-container elementor-column-gap-default\">\r\n\t\t\t\t\t\t\t\t\t\t\t<div class=\"elementor-column elementor-col-50 elementor-top-column elementor-element elementor-element-b5c4927 pe-lg-4\" data-id=\"b5c4927\" data-element_type=\"column\">\r\n\t\t\t\t\t<div class=\"elementor-widget-wrap elementor-element-populated\">\r\n\t\t\t\t\t\t\t\t<div class=\"elementor-element elementor-element-63ab65a elementor-widget elementor-widget-image\" data-id=\"63ab65a\" data-element_type=\"widget\" data-widget_type=\"image.default\">\n\t\t\t\t<div class=\"elementor-widget-container\">\n\t\t\t\t\t\t\t\t\t\t\t\t\t\t\t<img fetchpriority=\"high\" decoding=\"async\" width=\"921\" height=\"579\" src=\"https:\/\/opco.pt\/wp-content\/uploads\/2025\/06\/national-and-internacional.png\" class=\"attachment-large size-large wp-image-11262\" alt=\"\" srcset=\"https:\/\/opco.pt\/wp-content\/uploads\/2025\/06\/national-and-internacional.png 921w, https:\/\/opco.pt\/wp-content\/uploads\/2025\/06\/national-and-internacional-768x483.png 768w, https:\/\/opco.pt\/wp-content\/uploads\/2025\/06\/national-and-internacional-640x402.png 640w, https:\/\/opco.pt\/wp-content\/uploads\/2025\/06\/national-and-internacional-400x251.png 400w\" sizes=\"(max-width: 921px) 100vw, 921px\" \/>\t\t\t\t\t\t\t\t\t\t\t\t\t\t\t<\/div>\n\t\t\t\t<\/div>\n\t\t\t\t\t<\/div>\r\n\t\t\t\t<\/div>\r\n\t\t\t\t<div class=\"elementor-column elementor-col-50 elementor-top-column elementor-element elementor-element-5d6b417\" data-id=\"5d6b417\" data-element_type=\"column\">\r\n\t\t\t\t\t<div class=\"elementor-widget-wrap elementor-element-populated\">\r\n\t\t\t\t\t\t\t\t<div class=\"elementor-element elementor-element-fd2bef9 custom-highlight-1 mb-2 elementor-widget elementor-widget-porto_ultimate_heading\" data-id=\"fd2bef9\" data-element_type=\"widget\" data-widget_type=\"porto_ultimate_heading.default\">\n\t\t\t\t<div class=\"elementor-widget-container\">\n\t\t\t\t\t<div class=\"porto-u-heading  porto-u-ad87e2eaf3f9c495180fe0156ddf3eb0\"><div class=\"porto-u-main-heading heading-highlight\" data-appear-animation=\"highlightProgress\"><h4  ><mark>OPCO<\/mark><\/h4><\/div><style>.porto-u-ad87e2eaf3f9c495180fe0156ddf3eb0.porto-u-heading{text-align:left}<\/style><\/div>\t\t\t\t<\/div>\n\t\t\t\t<\/div>\n\t\t\t\t<div class=\"elementor-element elementor-element-d02f20a elementor-invisible elementor-widget elementor-widget-text-editor\" data-id=\"d02f20a\" data-element_type=\"widget\" data-settings=\"{&quot;_animation&quot;:&quot;fadeInUp&quot;,&quot;_animation_delay&quot;:800}\" data-widget_type=\"text-editor.default\">\n\t\t\t\t<div class=\"elementor-widget-container\">\n\t\t\t\t\t\t\t\t\t<div>\n\n\n<style>\ndiv {\n  text-align: justify;\n  text-justify: inter-word;\n}\n<\/style>\n\n\n\n\n<div>Cuenta en su portafolio con proyectos realizados en territorio portugu\u00e9s y en el extranjero,\nRealizando anualmente miles de horas de formaci\u00f3n.\nLa <span style=\"color: #cc2224;\">OPCO<\/span> cuenta adem\u00e1s con alianzas establecidas en sus principales \u00e1reas de actuaci\u00f3n,\nque confieren una acreditaci\u00f3n adicional a su actividad.\nAcogemos anualmente a becarios de varios pa\u00edses,\nde Europa y de pa\u00edses fuera de Europa, como EE.UU.,\nChina, Jap\u00f3n, India, Brasil, M\u00e9xico, Marruecos, entre otros.\n<\/div>\n\n<\/p>\n\n\n<\/div>\t\t\t\t\t\t\t\t<\/div>\n\t\t\t\t<\/div>\n\t\t\t\t\t<\/div>\r\n\t\t\t\t<\/div>\r\n\t\t\t\t\t<\/div>\r\n\t\t\t\t<\/section>\r\n\t\t\t\t<section class=\"elementor-section elementor-top-section elementor-element elementor-element-0a22645 overflow-hidden custom-pos-static elementor-section-boxed elementor-section-height-default elementor-section-height-default\" data-id=\"0a22645\" data-element_type=\"section\" data-settings=\"{&quot;background_background&quot;:&quot;classic&quot;,&quot;shape_divider_top&quot;:&quot;custom&quot;,&quot;shape_divider_top_custom&quot;:{&quot;value&quot;:{&quot;url&quot;:&quot;https:\\\/\\\/www.portotheme.com\\\/wordpress\\\/porto\\\/elementor\\\/business-consulting3\\\/wp-content\\\/uploads\\\/sites\\\/82\\\/2022\\\/05\\\/top.svg&quot;,&quot;id&quot;:3645},&quot;library&quot;:&quot;svg&quot;}}\">\r\n\t\t\t\t<div class=\"elementor-shape elementor-shape-top\" data-negative=\"false\">\r\n\t\t\t<svg xmlns=\"http:\/\/www.w3.org\/2000\/svg\" xmlns:xlink=\"http:\/\/www.w3.org\/1999\/xlink\" preserveaspectratio=\"none\" viewbox=\"0 0 1920 123\" x=\"0px\" y=\"0px\"><polygon fill=\"#F3F3F3\" points=\"0,90 221,60 563,88 931,35 1408,93 1920,41 1920,-1 0,-1 \">    <\/polygon><polygon fill=\"#FFFFFF\" points=\"0,75 219,44 563,72 930,19 1408,77 1920,25 1920,-1 0,-1 \">    <\/polygon><\/svg>\t\t<\/div>\r\n\t\t\r\n\t\t\t\t\t\t\t<div class=\"elementor-container elementor-column-gap-default\">\r\n\t\t\t\t\t\t\t\t\t\t\t<div class=\"elementor-column elementor-col-50 elementor-top-column elementor-element elementor-element-a93fcda mx-auto\" data-id=\"a93fcda\" data-element_type=\"column\">\r\n\t\t\t\t\t<div class=\"elementor-widget-wrap elementor-element-populated\">\r\n\t\t\t\t\t\t\t\t<div class=\"elementor-element elementor-element-3d7e9f3 custom-highlight-1 mb-2 elementor-widget elementor-widget-porto_ultimate_heading\" data-id=\"3d7e9f3\" data-element_type=\"widget\" data-widget_type=\"porto_ultimate_heading.default\">\n\t\t\t\t<div class=\"elementor-widget-container\">\n\t\t\t\t\t<div class=\"porto-u-heading  porto-u-55ca8359258f9a412be7e73af65d2aac\"><div class=\"porto-u-main-heading heading-highlight\" data-appear-animation=\"highlightProgress\"><h4  ><mark>\u00c1reas de Especializaci\u00f3n<\/mark><\/h4><\/div><style>.porto-u-55ca8359258f9a412be7e73af65d2aac.porto-u-heading{text-align:center}<\/style><\/div>\t\t\t\t<\/div>\n\t\t\t\t<\/div>\n\t\t\t\t<div class=\"elementor-element elementor-element-82aff22 elementor-invisible elementor-widget elementor-widget-text-editor\" data-id=\"82aff22\" data-element_type=\"widget\" data-settings=\"{&quot;_animation&quot;:&quot;fadeInUp&quot;,&quot;_animation_delay&quot;:800}\" data-widget_type=\"text-editor.default\">\n\t\t\t\t<div class=\"elementor-widget-container\">\n\t\t\t\t\t\t\t\t\t<div>\n\n\n<style>\ndiv {\n  text-align: justify;\n  text-justify: inter-word;\n}\n<\/style>\n\n\n\n\n<div>El equipo de <span style=\"color: #cc2224;\">OPCO<\/span> est\u00e1 compuesto por un n\u00facleo de profesionales de ingenier\u00eda, con amplia experiencia en Industria y Servicios, apoyados por una red de especialistas externos, nacionales e internacionales, expertos en diversas \u00e1reas. Es esta red flexible la que nos permite responder r\u00e1pidamente a las necesidades reales de cada proyecto y, as\u00ed, multiplicar el efecto pr\u00e1ctico y la eficiencia operacional de los medios involucrados. \n<\/div>\n\n<\/p>\n\n\n\n<\/div>\t\t\t\t\t\t\t\t<\/div>\n\t\t\t\t<\/div>\n\t\t\t\t<div class=\"elementor-section elementor-inner-section elementor-element elementor-element-290fb72 mb-3 elementor-section-boxed elementor-section-height-default elementor-section-height-default\" data-id=\"290fb72\" data-element_type=\"section\">\r\n\t\t\r\n\t\t\t\t\t\t\t<div class=\"elementor-container elementor-column-gap-default\">\r\n\t\t\t\t\t\t\t\t\t\t\t<div class=\"elementor-column elementor-col-50 elementor-inner-column elementor-element elementor-element-41597fd elementor-invisible\" data-id=\"41597fd\" data-element_type=\"column\" data-settings=\"{&quot;animation&quot;:&quot;fadeInUp&quot;,&quot;animation_delay&quot;:&quot;300&quot;}\">\r\n\t\t\t\t\t<div class=\"elementor-widget-wrap elementor-element-populated\">\r\n\t\t\t\t\t\t\t\t<div class=\"elementor-element elementor-element-e5e1c91 elementor-widget elementor-widget-porto_info_box\" data-id=\"e5e1c91\" data-element_type=\"widget\" data-widget_type=\"porto_info_box.default\">\n\t\t\t\t<div class=\"elementor-widget-container\">\n\t\t\t\t\t<div class=\"porto-sicon-box style_3 left-icon\"><div class=\"porto-sicon-left\"><div class=\"porto-just-icon-wrapper porto-icon none\" style=\"margin-right:1.5rem;\"><i class=\"fas fa-cogs\"><\/i><\/div><\/div><div class=\"porto-sicon-body\"><div class=\"porto-sicon-header\"><p class=\"porto-sicon-title\" style=\"\">Sistemas de Organizaci\u00f3n y Gesti\u00f3n<\/p><\/div> <!-- header --><\/div><\/div><!-- porto-sicon-box -->\t\t\t\t<\/div>\n\t\t\t\t<\/div>\n\t\t\t\t<div class=\"elementor-element elementor-element-79ff2db elementor-widget elementor-widget-porto_info_box\" data-id=\"79ff2db\" data-element_type=\"widget\" data-widget_type=\"porto_info_box.default\">\n\t\t\t\t<div class=\"elementor-widget-container\">\n\t\t\t\t\t<div class=\"porto-sicon-box style_3 left-icon\"><div class=\"porto-sicon-left\"><div class=\"porto-just-icon-wrapper porto-icon none\" style=\"margin-right:1.5rem;\"><i class=\"fas fa-check-double\"><\/i><\/div><\/div><div class=\"porto-sicon-body\"><div class=\"porto-sicon-header\"><p class=\"porto-sicon-title\" style=\"\">Herramientas y Metodolog\u00edas de Calidad y Productividad<\/p><\/div> <!-- header --><\/div><\/div><!-- porto-sicon-box -->\t\t\t\t<\/div>\n\t\t\t\t<\/div>\n\t\t\t\t\t<\/div>\r\n\t\t\t\t<\/div>\r\n\t\t\t\t<div class=\"elementor-column elementor-col-50 elementor-inner-column elementor-element elementor-element-6236dff elementor-invisible\" data-id=\"6236dff\" data-element_type=\"column\" data-settings=\"{&quot;animation&quot;:&quot;fadeInUp&quot;}\">\r\n\t\t\t\t\t<div class=\"elementor-widget-wrap elementor-element-populated\">\r\n\t\t\t\t\t\t\t\t<div class=\"elementor-element elementor-element-423976b elementor-widget elementor-widget-porto_info_box\" data-id=\"423976b\" data-element_type=\"widget\" data-widget_type=\"porto_info_box.default\">\n\t\t\t\t<div class=\"elementor-widget-container\">\n\t\t\t\t\t<div class=\"porto-sicon-box style_3 left-icon\"><div class=\"porto-sicon-left\"><div class=\"porto-just-icon-wrapper porto-icon none\" style=\"margin-right:1.5rem;\"><i class=\"fas fa-chart-line\"><\/i><\/div><\/div><div class=\"porto-sicon-body\"><div class=\"porto-sicon-header\"><p class=\"porto-sicon-title\" style=\"\">Mejora Continua<\/p><\/div> <!-- header --><\/div><\/div><!-- porto-sicon-box -->\t\t\t\t<\/div>\n\t\t\t\t<\/div>\n\t\t\t\t<div class=\"elementor-element elementor-element-d9cafdf elementor-widget elementor-widget-porto_info_box\" data-id=\"d9cafdf\" data-element_type=\"widget\" data-widget_type=\"porto_info_box.default\">\n\t\t\t\t<div class=\"elementor-widget-container\">\n\t\t\t\t\t<div class=\"porto-sicon-box style_3 left-icon\"><div class=\"porto-sicon-left\"><div class=\"porto-just-icon-wrapper porto-icon none\" style=\"margin-right:1.5rem;\"><i class=\"fas fa-people-arrows\"><\/i><\/div><\/div><div class=\"porto-sicon-body\"><div class=\"porto-sicon-header\"><p class=\"porto-sicon-title\" style=\"\">Cualificaci\u00f3n y Formaci\u00f3n Profesional<\/p><\/div> <!-- header --><\/div><\/div><!-- porto-sicon-box -->\t\t\t\t<\/div>\n\t\t\t\t<\/div>\n\t\t\t\t\t<\/div>\r\n\t\t\t\t<\/div>\r\n\t\t\t\t\t<\/div>\r\n\t\t\t\t<\/div>\r\n\t\t\t\t\t<\/div>\r\n\t\t\t\t<\/div>\r\n\t\t\t\t<div class=\"elementor-column elementor-col-50 elementor-top-column elementor-element elementor-element-df1a2a5 w-100\" data-id=\"df1a2a5\" data-element_type=\"column\">\r\n\t\t\t\t\t<div class=\"elementor-widget-wrap elementor-element-populated\">\r\n\t\t\t\t\t\t\t\t<div class=\"elementor-element elementor-element-6d52a2e elementor-widget elementor-widget-spacer\" data-id=\"6d52a2e\" data-element_type=\"widget\" data-widget_type=\"spacer.default\">\n\t\t\t\t<div class=\"elementor-widget-container\">\n\t\t\t\t\t\t\t<div class=\"elementor-spacer\">\n\t\t\t<div class=\"elementor-spacer-inner\"><\/div>\n\t\t<\/div>\n\t\t\t\t\t\t<\/div>\n\t\t\t\t<\/div>\n\t\t\t\t\t<\/div>\r\n\t\t\t\t<\/div>\r\n\t\t\t\t\t<\/div>\r\n\t\t\t\t<\/section>\r\n\t\t\t\t<\/div>\n\t\t","protected":false},"excerpt":{"rendered":"<p>OPCO Cuenta en su portafolio con proyectos realizados en territorio portugu\u00e9s y en el extranjero, Realizando anualmente miles de horas de formaci\u00f3n. La OPCO cuenta adem\u00e1s con alianzas establecidas en sus principales \u00e1reas de actuaci\u00f3n, que confieren una acreditaci\u00f3n adicional a su actividad. Acogemos anualmente a becarios de varios pa\u00edses, de Europa y de pa\u00edses [&hellip;]<\/p>\n","protected":false},"author":2,"featured_media":0,"parent":0,"menu_order":0,"comment_status":"closed","ping_status":"closed","template":"","meta":{"_acf_changed":false,"content-type":"","footnotes":""},"class_list":["post-11972","page","type-page","status-publish","hentry"],"acf":[],"yoast_head":"<!-- This site is optimized with the Yoast SEO plugin v25.3.1 - https:\/\/yoast.com\/wordpress\/plugins\/seo\/ -->\n<title>Proyectos - Opco<\/title>\n<meta name=\"robots\" content=\"index, follow, max-snippet:-1, max-image-preview:large, max-video-preview:-1\" \/>\n<link rel=\"canonical\" href=\"https:\/\/opco.pt\/es\/proyectos\/\" \/>\n<meta property=\"og:locale\" content=\"es_ES\" \/>\n<meta property=\"og:type\" content=\"article\" \/>\n<meta property=\"og:title\" content=\"Proyectos - Opco\" \/>\n<meta property=\"og:description\" content=\"OPCO Cuenta en su portafolio con proyectos realizados en territorio portugu\u00e9s y en el extranjero, Realizando anualmente miles de horas de formaci\u00f3n. La OPCO cuenta adem\u00e1s con alianzas establecidas en sus principales \u00e1reas de actuaci\u00f3n, que confieren una acreditaci\u00f3n adicional a su actividad. Acogemos anualmente a becarios de varios pa\u00edses, de Europa y de pa\u00edses [&hellip;]\" \/>\n<meta property=\"og:url\" content=\"https:\/\/opco.pt\/es\/proyectos\/\" \/>\n<meta property=\"og:site_name\" content=\"Opco\" \/>\n<meta property=\"article:publisher\" content=\"https:\/\/www.facebook.com\/rhopcoacademia\/\" \/>\n<meta property=\"article:modified_time\" content=\"2025-07-08T13:24:58+00:00\" \/>\n<meta property=\"og:image\" content=\"https:\/\/opco.pt\/wp-content\/uploads\/2025\/06\/national-and-internacional.png\" \/>\n\t<meta property=\"og:image:width\" content=\"921\" \/>\n\t<meta property=\"og:image:height\" content=\"579\" \/>\n\t<meta property=\"og:image:type\" content=\"image\/png\" \/>\n<meta name=\"twitter:card\" content=\"summary_large_image\" \/>\n<meta name=\"twitter:label1\" content=\"Tiempo de lectura\" \/>\n\t<meta name=\"twitter:data1\" content=\"1 minuto\" \/>\n<script type=\"application\/ld+json\" class=\"yoast-schema-graph\">{\"@context\":\"https:\/\/schema.org\",\"@graph\":[{\"@type\":\"WebPage\",\"@id\":\"https:\/\/opco.pt\/es\/proyectos\/\",\"url\":\"https:\/\/opco.pt\/es\/proyectos\/\",\"name\":\"Proyectos - Opco\",\"isPartOf\":{\"@id\":\"https:\/\/opco.pt\/#website\"},\"primaryImageOfPage\":{\"@id\":\"https:\/\/opco.pt\/es\/proyectos\/#primaryimage\"},\"image\":{\"@id\":\"https:\/\/opco.pt\/es\/proyectos\/#primaryimage\"},\"thumbnailUrl\":\"https:\/\/opco.pt\/wp-content\/uploads\/2025\/06\/national-and-internacional.png\",\"datePublished\":\"2025-05-08T15:44:43+00:00\",\"dateModified\":\"2025-07-08T13:24:58+00:00\",\"breadcrumb\":{\"@id\":\"https:\/\/opco.pt\/es\/proyectos\/#breadcrumb\"},\"inLanguage\":\"es\",\"potentialAction\":[{\"@type\":\"ReadAction\",\"target\":[\"https:\/\/opco.pt\/es\/proyectos\/\"]}]},{\"@type\":\"ImageObject\",\"inLanguage\":\"es\",\"@id\":\"https:\/\/opco.pt\/es\/proyectos\/#primaryimage\",\"url\":\"https:\/\/opco.pt\/wp-content\/uploads\/2025\/06\/national-and-internacional.png\",\"contentUrl\":\"https:\/\/opco.pt\/wp-content\/uploads\/2025\/06\/national-and-internacional.png\"},{\"@type\":\"BreadcrumbList\",\"@id\":\"https:\/\/opco.pt\/es\/proyectos\/#breadcrumb\",\"itemListElement\":[{\"@type\":\"ListItem\",\"position\":1,\"name\":\"In\u00edcio\",\"item\":\"https:\/\/opco.pt\/es\/inicio\/\"},{\"@type\":\"ListItem\",\"position\":2,\"name\":\"Proyectos\"}]},{\"@type\":\"WebSite\",\"@id\":\"https:\/\/opco.pt\/#website\",\"url\":\"https:\/\/opco.pt\/\",\"name\":\"Opco\",\"description\":\"Creating Solutions\",\"publisher\":{\"@id\":\"https:\/\/opco.pt\/#organization\"},\"potentialAction\":[{\"@type\":\"SearchAction\",\"target\":{\"@type\":\"EntryPoint\",\"urlTemplate\":\"https:\/\/opco.pt\/?s={search_term_string}\"},\"query-input\":{\"@type\":\"PropertyValueSpecification\",\"valueRequired\":true,\"valueName\":\"search_term_string\"}}],\"inLanguage\":\"es\"},{\"@type\":\"Organization\",\"@id\":\"https:\/\/opco.pt\/#organization\",\"name\":\"Opco\",\"url\":\"https:\/\/opco.pt\/\",\"logo\":{\"@type\":\"ImageObject\",\"inLanguage\":\"es\",\"@id\":\"https:\/\/opco.pt\/#\/schema\/logo\/image\/\",\"url\":\"https:\/\/opco.pt\/wp-content\/uploads\/2025\/04\/logo_opco_vda-qmc.png\",\"contentUrl\":\"https:\/\/opco.pt\/wp-content\/uploads\/2025\/04\/logo_opco_vda-qmc.png\",\"width\":940,\"height\":321,\"caption\":\"Opco\"},\"image\":{\"@id\":\"https:\/\/opco.pt\/#\/schema\/logo\/image\/\"},\"sameAs\":[\"https:\/\/www.facebook.com\/rhopcoacademia\/\",\"https:\/\/www.youtube.com\/@opcocreatingsolutions7561\",\"https:\/\/www.instagram.com\/opcocreatingsolutions\/\",\"https:\/\/pt.linkedin.com\/company\/rhopcoacademia\"]}]}<\/script>\n<!-- \/ Yoast SEO plugin. -->","yoast_head_json":{"title":"Proyectos - Opco","robots":{"index":"index","follow":"follow","max-snippet":"max-snippet:-1","max-image-preview":"max-image-preview:large","max-video-preview":"max-video-preview:-1"},"canonical":"https:\/\/opco.pt\/es\/proyectos\/","og_locale":"es_ES","og_type":"article","og_title":"Proyectos - Opco","og_description":"OPCO Cuenta en su portafolio con proyectos realizados en territorio portugu\u00e9s y en el extranjero, Realizando anualmente miles de horas de formaci\u00f3n. La OPCO cuenta adem\u00e1s con alianzas establecidas en sus principales \u00e1reas de actuaci\u00f3n, que confieren una acreditaci\u00f3n adicional a su actividad. Acogemos anualmente a becarios de varios pa\u00edses, de Europa y de pa\u00edses [&hellip;]","og_url":"https:\/\/opco.pt\/es\/proyectos\/","og_site_name":"Opco","article_publisher":"https:\/\/www.facebook.com\/rhopcoacademia\/","article_modified_time":"2025-07-08T13:24:58+00:00","og_image":[{"width":921,"height":579,"url":"https:\/\/opco.pt\/wp-content\/uploads\/2025\/06\/national-and-internacional.png","type":"image\/png"}],"twitter_card":"summary_large_image","twitter_misc":{"Tiempo de lectura":"1 minuto"},"schema":{"@context":"https:\/\/schema.org","@graph":[{"@type":"WebPage","@id":"https:\/\/opco.pt\/es\/proyectos\/","url":"https:\/\/opco.pt\/es\/proyectos\/","name":"Proyectos - Opco","isPartOf":{"@id":"https:\/\/opco.pt\/#website"},"primaryImageOfPage":{"@id":"https:\/\/opco.pt\/es\/proyectos\/#primaryimage"},"image":{"@id":"https:\/\/opco.pt\/es\/proyectos\/#primaryimage"},"thumbnailUrl":"https:\/\/opco.pt\/wp-content\/uploads\/2025\/06\/national-and-internacional.png","datePublished":"2025-05-08T15:44:43+00:00","dateModified":"2025-07-08T13:24:58+00:00","breadcrumb":{"@id":"https:\/\/opco.pt\/es\/proyectos\/#breadcrumb"},"inLanguage":"es","potentialAction":[{"@type":"ReadAction","target":["https:\/\/opco.pt\/es\/proyectos\/"]}]},{"@type":"ImageObject","inLanguage":"es","@id":"https:\/\/opco.pt\/es\/proyectos\/#primaryimage","url":"https:\/\/opco.pt\/wp-content\/uploads\/2025\/06\/national-and-internacional.png","contentUrl":"https:\/\/opco.pt\/wp-content\/uploads\/2025\/06\/national-and-internacional.png"},{"@type":"BreadcrumbList","@id":"https:\/\/opco.pt\/es\/proyectos\/#breadcrumb","itemListElement":[{"@type":"ListItem","position":1,"name":"In\u00edcio","item":"https:\/\/opco.pt\/es\/inicio\/"},{"@type":"ListItem","position":2,"name":"Proyectos"}]},{"@type":"WebSite","@id":"https:\/\/opco.pt\/#website","url":"https:\/\/opco.pt\/","name":"Opco","description":"Creating Solutions","publisher":{"@id":"https:\/\/opco.pt\/#organization"},"potentialAction":[{"@type":"SearchAction","target":{"@type":"EntryPoint","urlTemplate":"https:\/\/opco.pt\/?s={search_term_string}"},"query-input":{"@type":"PropertyValueSpecification","valueRequired":true,"valueName":"search_term_string"}}],"inLanguage":"es"},{"@type":"Organization","@id":"https:\/\/opco.pt\/#organization","name":"Opco","url":"https:\/\/opco.pt\/","logo":{"@type":"ImageObject","inLanguage":"es","@id":"https:\/\/opco.pt\/#\/schema\/logo\/image\/","url":"https:\/\/opco.pt\/wp-content\/uploads\/2025\/04\/logo_opco_vda-qmc.png","contentUrl":"https:\/\/opco.pt\/wp-content\/uploads\/2025\/04\/logo_opco_vda-qmc.png","width":940,"height":321,"caption":"Opco"},"image":{"@id":"https:\/\/opco.pt\/#\/schema\/logo\/image\/"},"sameAs":["https:\/\/www.facebook.com\/rhopcoacademia\/","https:\/\/www.youtube.com\/@opcocreatingsolutions7561","https:\/\/www.instagram.com\/opcocreatingsolutions\/","https:\/\/pt.linkedin.com\/company\/rhopcoacademia"]}]}},"_links":{"self":[{"href":"https:\/\/opco.pt\/es\/wp-json\/wp\/v2\/pages\/11972","targetHints":{"allow":["GET"]}}],"collection":[{"href":"https:\/\/opco.pt\/es\/wp-json\/wp\/v2\/pages"}],"about":[{"href":"https:\/\/opco.pt\/es\/wp-json\/wp\/v2\/types\/page"}],"author":[{"embeddable":true,"href":"https:\/\/opco.pt\/es\/wp-json\/wp\/v2\/users\/2"}],"replies":[{"embeddable":true,"href":"https:\/\/opco.pt\/es\/wp-json\/wp\/v2\/comments?post=11972"}],"version-history":[{"count":3,"href":"https:\/\/opco.pt\/es\/wp-json\/wp\/v2\/pages\/11972\/revisions"}],"predecessor-version":[{"id":12400,"href":"https:\/\/opco.pt\/es\/wp-json\/wp\/v2\/pages\/11972\/revisions\/12400"}],"wp:attachment":[{"href":"https:\/\/opco.pt\/es\/wp-json\/wp\/v2\/media?parent=11972"}],"curies":[{"name":"wp","href":"https:\/\/api.w.org\/{rel}","templated":true}]}}