{"id":12009,"date":"2025-02-18T12:06:36","date_gmt":"2025-02-18T12:06:36","guid":{"rendered":"https:\/\/opco.pt\/terminos-y-condiciones\/"},"modified":"2025-07-08T13:26:04","modified_gmt":"2025-07-08T13:26:04","slug":"terminos-y-condiciones","status":"publish","type":"page","link":"https:\/\/opco.pt\/es\/terminos-y-condiciones\/","title":{"rendered":"T\u00e9rminos y Condiciones"},"content":{"rendered":"\t\t<div data-elementor-type=\"wp-page\" data-elementor-id=\"12009\" class=\"elementor elementor-12009 elementor-68\" data-elementor-post-type=\"page\">\n\t\t\t\t<div class=\"elementor-element elementor-element-648b98f e-flex e-con-boxed e-con e-parent\" data-id=\"648b98f\" data-element_type=\"container\">\r\n\t\t\t\t\t<div class=\"e-con-inner\">\r\n\t\t\t\t<div class=\"elementor-element elementor-element-a867012 elementor-widget elementor-widget-text-editor\" data-id=\"a867012\" data-element_type=\"widget\" data-widget_type=\"text-editor.default\">\n\t\t\t\t<div class=\"elementor-widget-container\">\n\t\t\t\t\t\t\t\t\t<h4><strong>1. T\u00e9rminos<\/strong><\/h4><p>Al acceder al sitio web de OPCO, acepta cumplir estos t\u00e9rminos de servicio, todas las leyes y reglamentos aplicables y acepta que es responsable del cumplimiento de todas las leyes locales aplicables. Si no est\u00e1 de acuerdo con alguno de estos t\u00e9rminos, tiene prohibido usar o acceder a este sitio web. Los materiales contenidos en este sitio web est\u00e1n protegidos por las leyes de derechos de autor y marcas comerciales aplicables.  <\/p><h4><strong>2. Uso de Licencia<\/strong><\/h4><p>Se concede permiso para descargar temporalmente una copia de los materiales (informaci\u00f3n o software) del sitio web de OPCO, \u00fanicamente para visualizaci\u00f3n transitoria personal y no comercial. Esta es la concesi\u00f3n de una licencia, no una transferencia de t\u00edtulo y, bajo esta licencia, usted no puede: <\/p><ol><li>modificar o copiar los materiales;<\/li><li>usar los materiales para cualquier finalidad comercial o para exhibici\u00f3n p\u00fablica (comercial o no comercial);<\/li><li>intentar descompilar o realizar ingenier\u00eda inversa de cualquier software contenido en el sitio web de OPCO;<\/li><li>o transferir los materiales a otra persona o \u201creplicar\u201d los materiales en cualquier otro servidor.<\/li><\/ol><p>Esta licencia ser\u00e1 autom\u00e1ticamente rescindida si usted viola alguna de estas restricciones y podr\u00e1 ser rescindida por OPCO en cualquier momento. Al finalizar la visualizaci\u00f3n de estos materiales o tras la terminaci\u00f3n de esta licencia, debe eliminar todos los materiales descargados en su posesi\u00f3n, ya sea en formato electr\u00f3nico o impreso. <\/p><h4><strong>3. Exenci\u00f3n de responsabilidad<\/strong><\/h4><ol><li>Los materiales del sitio web de OPCO se proporcionan \u201ctal como est\u00e1n\u201d. OPCO no ofrece garant\u00edas, expresas o impl\u00edcitas, y, por la presente, exime y niega todas las dem\u00e1s garant\u00edas, incluyendo, sin limitaci\u00f3n, garant\u00edas impl\u00edcitas o condiciones de comercializaci\u00f3n, idoneidad para un fin espec\u00edfico o no violaci\u00f3n de propiedad intelectual u otra violaci\u00f3n de derechos. <\/li><li>Adem\u00e1s, OPCO no garantiza ni hace ninguna declaraci\u00f3n relativa a la precisi\u00f3n, a los resultados probables o a la fiabilidad del uso de los materiales de su sitio web o de otra manera relacionada con dichos materiales o en sitios web vinculados a este sitio.<\/li><\/ol><h4><strong>4. Limitaciones<\/strong><\/h4><p>En ning\u00fan caso OPCO o sus proveedores ser\u00e1n responsables de cualesquiera da\u00f1os (incluyendo, sin limitaci\u00f3n, da\u00f1os por p\u00e9rdida de datos o beneficios o debido a interrupci\u00f3n del negocio) derivados del uso o de la incapacidad de usar los materiales de OPCO, incluso si OPCO o un representante autorizado de OPCO ha sido notificado oralmente o por escrito de la posibilidad de tales da\u00f1os. Como algunas jurisdicciones no permiten limitaciones en garant\u00edas impl\u00edcitas, o limitaciones de responsabilidad por da\u00f1os consecuentes o incidentales, estas limitaciones pueden no aplicarse a usted. <\/p><h4><strong>5. Precisi\u00f3n de los materiales<\/strong><\/h4><p>Los materiales mostrados en el sitio web de OPCO pueden incluir errores t\u00e9cnicos, tipogr\u00e1ficos o fotogr\u00e1ficos. OPCO no garantiza que cualquier material de su sitio web sea preciso, completo o actual. OPCO puede realizar cambios en los materiales contenidos en su sitio web en cualquier momento, sin previo aviso. Sin embargo, OPCO no se compromete a actualizar los materiales.   <\/p><h4><strong>6. Enlaces<\/strong><\/h4><p>OPCO no ha revisado todos los sitios web vinculados a su sitio y no es responsable del contenido de ning\u00fan sitio vinculado. La inclusi\u00f3n de cualquier enlace no implica respaldo por parte de OPCO del sitio. El uso de cualquier sitio vinculado es por cuenta y riesgo del usuario.  <\/p><h5><strong>Modificaciones<\/strong><\/h5><p>OPCO puede revisar estos t\u00e9rminos de servicio del sitio web en cualquier momento, sin previo aviso. Al usar este sitio web, usted acepta quedar vinculado a la versi\u00f3n actual de estos t\u00e9rminos de servicio. <\/p><h5><strong>Ley aplicable<\/strong><\/h5><p>Estos t\u00e9rminos y condiciones se rigen e interpretan de acuerdo con las leyes de OPCO y usted se somete irrevocablemente a la jurisdicci\u00f3n exclusiva de los tribunales en ese estado o localidad.<\/p>\t\t\t\t\t\t\t\t<\/div>\n\t\t\t\t<\/div>\n\t\t\t\t\t<\/div>\n\t\t\t\t<\/div>\n\t\t\t\t<\/div>\n\t\t","protected":false},"excerpt":{"rendered":"<p>1. T\u00e9rminos Al acceder al sitio web de OPCO, acepta cumplir estos t\u00e9rminos de servicio, todas las leyes y reglamentos aplicables y acepta que es responsable del cumplimiento de todas las leyes locales aplicables. Si no est\u00e1 de acuerdo con alguno de estos t\u00e9rminos, tiene prohibido usar o acceder a este sitio web. Los materiales [&hellip;]<\/p>\n","protected":false},"author":2,"featured_media":0,"parent":0,"menu_order":0,"comment_status":"closed","ping_status":"closed","template":"","meta":{"_acf_changed":false,"content-type":"","footnotes":""},"class_list":["post-12009","page","type-page","status-publish","hentry"],"acf":[],"yoast_head":"<!-- This site is optimized with the Yoast SEO plugin v25.3.1 - https:\/\/yoast.com\/wordpress\/plugins\/seo\/ -->\n<title>T\u00e9rminos y Condiciones - Opco<\/title>\n<meta name=\"robots\" content=\"index, follow, max-snippet:-1, max-image-preview:large, max-video-preview:-1\" \/>\n<link rel=\"canonical\" href=\"https:\/\/opco.pt\/es\/terminos-y-condiciones\/\" \/>\n<meta property=\"og:locale\" content=\"es_ES\" \/>\n<meta property=\"og:type\" content=\"article\" \/>\n<meta property=\"og:title\" content=\"T\u00e9rminos y Condiciones - Opco\" \/>\n<meta property=\"og:description\" content=\"1. T\u00e9rminos Al acceder al sitio web de OPCO, acepta cumplir estos t\u00e9rminos de servicio, todas las leyes y reglamentos aplicables y acepta que es responsable del cumplimiento de todas las leyes locales aplicables. Si no est\u00e1 de acuerdo con alguno de estos t\u00e9rminos, tiene prohibido usar o acceder a este sitio web. Los materiales [&hellip;]\" \/>\n<meta property=\"og:url\" content=\"https:\/\/opco.pt\/es\/terminos-y-condiciones\/\" \/>\n<meta property=\"og:site_name\" content=\"Opco\" \/>\n<meta property=\"article:publisher\" content=\"https:\/\/www.facebook.com\/rhopcoacademia\/\" \/>\n<meta property=\"article:modified_time\" content=\"2025-07-08T13:26:04+00:00\" \/>\n<meta name=\"twitter:card\" content=\"summary_large_image\" \/>\n<meta name=\"twitter:label1\" content=\"Tiempo de lectura\" \/>\n\t<meta name=\"twitter:data1\" content=\"3 minutos\" \/>\n<script type=\"application\/ld+json\" class=\"yoast-schema-graph\">{\"@context\":\"https:\/\/schema.org\",\"@graph\":[{\"@type\":\"WebPage\",\"@id\":\"https:\/\/opco.pt\/es\/terminos-y-condiciones\/\",\"url\":\"https:\/\/opco.pt\/es\/terminos-y-condiciones\/\",\"name\":\"T\u00e9rminos y Condiciones - Opco\",\"isPartOf\":{\"@id\":\"https:\/\/opco.pt\/#website\"},\"datePublished\":\"2025-02-18T12:06:36+00:00\",\"dateModified\":\"2025-07-08T13:26:04+00:00\",\"breadcrumb\":{\"@id\":\"https:\/\/opco.pt\/es\/terminos-y-condiciones\/#breadcrumb\"},\"inLanguage\":\"es\",\"potentialAction\":[{\"@type\":\"ReadAction\",\"target\":[\"https:\/\/opco.pt\/es\/terminos-y-condiciones\/\"]}]},{\"@type\":\"BreadcrumbList\",\"@id\":\"https:\/\/opco.pt\/es\/terminos-y-condiciones\/#breadcrumb\",\"itemListElement\":[{\"@type\":\"ListItem\",\"position\":1,\"name\":\"In\u00edcio\",\"item\":\"https:\/\/opco.pt\/es\/inicio\/\"},{\"@type\":\"ListItem\",\"position\":2,\"name\":\"T\u00e9rminos y Condiciones\"}]},{\"@type\":\"WebSite\",\"@id\":\"https:\/\/opco.pt\/#website\",\"url\":\"https:\/\/opco.pt\/\",\"name\":\"Opco\",\"description\":\"Creating Solutions\",\"publisher\":{\"@id\":\"https:\/\/opco.pt\/#organization\"},\"potentialAction\":[{\"@type\":\"SearchAction\",\"target\":{\"@type\":\"EntryPoint\",\"urlTemplate\":\"https:\/\/opco.pt\/?s={search_term_string}\"},\"query-input\":{\"@type\":\"PropertyValueSpecification\",\"valueRequired\":true,\"valueName\":\"search_term_string\"}}],\"inLanguage\":\"es\"},{\"@type\":\"Organization\",\"@id\":\"https:\/\/opco.pt\/#organization\",\"name\":\"Opco\",\"url\":\"https:\/\/opco.pt\/\",\"logo\":{\"@type\":\"ImageObject\",\"inLanguage\":\"es\",\"@id\":\"https:\/\/opco.pt\/#\/schema\/logo\/image\/\",\"url\":\"https:\/\/opco.pt\/wp-content\/uploads\/2025\/04\/logo_opco_vda-qmc.png\",\"contentUrl\":\"https:\/\/opco.pt\/wp-content\/uploads\/2025\/04\/logo_opco_vda-qmc.png\",\"width\":940,\"height\":321,\"caption\":\"Opco\"},\"image\":{\"@id\":\"https:\/\/opco.pt\/#\/schema\/logo\/image\/\"},\"sameAs\":[\"https:\/\/www.facebook.com\/rhopcoacademia\/\",\"https:\/\/www.youtube.com\/@opcocreatingsolutions7561\",\"https:\/\/www.instagram.com\/opcocreatingsolutions\/\",\"https:\/\/pt.linkedin.com\/company\/rhopcoacademia\"]}]}<\/script>\n<!-- \/ Yoast SEO plugin. -->","yoast_head_json":{"title":"T\u00e9rminos y Condiciones - Opco","robots":{"index":"index","follow":"follow","max-snippet":"max-snippet:-1","max-image-preview":"max-image-preview:large","max-video-preview":"max-video-preview:-1"},"canonical":"https:\/\/opco.pt\/es\/terminos-y-condiciones\/","og_locale":"es_ES","og_type":"article","og_title":"T\u00e9rminos y Condiciones - Opco","og_description":"1. T\u00e9rminos Al acceder al sitio web de OPCO, acepta cumplir estos t\u00e9rminos de servicio, todas las leyes y reglamentos aplicables y acepta que es responsable del cumplimiento de todas las leyes locales aplicables. Si no est\u00e1 de acuerdo con alguno de estos t\u00e9rminos, tiene prohibido usar o acceder a este sitio web. Los materiales [&hellip;]","og_url":"https:\/\/opco.pt\/es\/terminos-y-condiciones\/","og_site_name":"Opco","article_publisher":"https:\/\/www.facebook.com\/rhopcoacademia\/","article_modified_time":"2025-07-08T13:26:04+00:00","twitter_card":"summary_large_image","twitter_misc":{"Tiempo de lectura":"3 minutos"},"schema":{"@context":"https:\/\/schema.org","@graph":[{"@type":"WebPage","@id":"https:\/\/opco.pt\/es\/terminos-y-condiciones\/","url":"https:\/\/opco.pt\/es\/terminos-y-condiciones\/","name":"T\u00e9rminos y Condiciones - Opco","isPartOf":{"@id":"https:\/\/opco.pt\/#website"},"datePublished":"2025-02-18T12:06:36+00:00","dateModified":"2025-07-08T13:26:04+00:00","breadcrumb":{"@id":"https:\/\/opco.pt\/es\/terminos-y-condiciones\/#breadcrumb"},"inLanguage":"es","potentialAction":[{"@type":"ReadAction","target":["https:\/\/opco.pt\/es\/terminos-y-condiciones\/"]}]},{"@type":"BreadcrumbList","@id":"https:\/\/opco.pt\/es\/terminos-y-condiciones\/#breadcrumb","itemListElement":[{"@type":"ListItem","position":1,"name":"In\u00edcio","item":"https:\/\/opco.pt\/es\/inicio\/"},{"@type":"ListItem","position":2,"name":"T\u00e9rminos y Condiciones"}]},{"@type":"WebSite","@id":"https:\/\/opco.pt\/#website","url":"https:\/\/opco.pt\/","name":"Opco","description":"Creating Solutions","publisher":{"@id":"https:\/\/opco.pt\/#organization"},"potentialAction":[{"@type":"SearchAction","target":{"@type":"EntryPoint","urlTemplate":"https:\/\/opco.pt\/?s={search_term_string}"},"query-input":{"@type":"PropertyValueSpecification","valueRequired":true,"valueName":"search_term_string"}}],"inLanguage":"es"},{"@type":"Organization","@id":"https:\/\/opco.pt\/#organization","name":"Opco","url":"https:\/\/opco.pt\/","logo":{"@type":"ImageObject","inLanguage":"es","@id":"https:\/\/opco.pt\/#\/schema\/logo\/image\/","url":"https:\/\/opco.pt\/wp-content\/uploads\/2025\/04\/logo_opco_vda-qmc.png","contentUrl":"https:\/\/opco.pt\/wp-content\/uploads\/2025\/04\/logo_opco_vda-qmc.png","width":940,"height":321,"caption":"Opco"},"image":{"@id":"https:\/\/opco.pt\/#\/schema\/logo\/image\/"},"sameAs":["https:\/\/www.facebook.com\/rhopcoacademia\/","https:\/\/www.youtube.com\/@opcocreatingsolutions7561","https:\/\/www.instagram.com\/opcocreatingsolutions\/","https:\/\/pt.linkedin.com\/company\/rhopcoacademia"]}]}},"_links":{"self":[{"href":"https:\/\/opco.pt\/es\/wp-json\/wp\/v2\/pages\/12009","targetHints":{"allow":["GET"]}}],"collection":[{"href":"https:\/\/opco.pt\/es\/wp-json\/wp\/v2\/pages"}],"about":[{"href":"https:\/\/opco.pt\/es\/wp-json\/wp\/v2\/types\/page"}],"author":[{"embeddable":true,"href":"https:\/\/opco.pt\/es\/wp-json\/wp\/v2\/users\/2"}],"replies":[{"embeddable":true,"href":"https:\/\/opco.pt\/es\/wp-json\/wp\/v2\/comments?post=12009"}],"version-history":[{"count":3,"href":"https:\/\/opco.pt\/es\/wp-json\/wp\/v2\/pages\/12009\/revisions"}],"predecessor-version":[{"id":12411,"href":"https:\/\/opco.pt\/es\/wp-json\/wp\/v2\/pages\/12009\/revisions\/12411"}],"wp:attachment":[{"href":"https:\/\/opco.pt\/es\/wp-json\/wp\/v2\/media?parent=12009"}],"curies":[{"name":"wp","href":"https:\/\/api.w.org\/{rel}","templated":true}]}}