{"id":11999,"date":"2025-02-18T12:06:36","date_gmt":"2025-02-18T12:06:36","guid":{"rendered":"https:\/\/opco.pt\/conditions-generales\/"},"modified":"2025-07-08T13:26:04","modified_gmt":"2025-07-08T13:26:04","slug":"conditions-generales","status":"publish","type":"page","link":"https:\/\/opco.pt\/fr\/conditions-generales\/","title":{"rendered":"Conditions g\u00e9n\u00e9rales"},"content":{"rendered":"\t\t<div data-elementor-type=\"wp-page\" data-elementor-id=\"11999\" class=\"elementor elementor-11999 elementor-68\" data-elementor-post-type=\"page\">\n\t\t\t\t<div class=\"elementor-element elementor-element-648b98f e-flex e-con-boxed e-con e-parent\" data-id=\"648b98f\" data-element_type=\"container\">\r\n\t\t\t\t\t<div class=\"e-con-inner\">\r\n\t\t\t\t<div class=\"elementor-element elementor-element-a867012 elementor-widget elementor-widget-text-editor\" data-id=\"a867012\" data-element_type=\"widget\" data-widget_type=\"text-editor.default\">\n\t\t\t\t<div class=\"elementor-widget-container\">\n\t\t\t\t\t\t\t\t\t<h4><strong>1. Termes<\/strong><\/h4><p>En acc\u00e9dant au site OPCO, vous acceptez de vous conformer \u00e0 ces conditions d&rsquo;utilisation, \u00e0 toutes les lois et r\u00e9glementations applicables, et vous convenez que vous \u00eates responsable du respect de toutes les lois locales applicables. Si vous n&rsquo;\u00eates pas d&rsquo;accord avec l&rsquo;une de ces conditions, il vous est interdit d&rsquo;utiliser ou d&rsquo;acc\u00e9der \u00e0 ce site. Les \u00e9l\u00e9ments contenus dans ce site sont prot\u00e9g\u00e9s par les lois applicables en mati\u00e8re de droits d&rsquo;auteur et de marques commerciales.  <\/p><h4><strong>2. Utilisation de la licence<\/strong><\/h4><p>L&rsquo;autorisation est accord\u00e9e de t\u00e9l\u00e9charger temporairement une copie des \u00e9l\u00e9ments (informations ou logiciels) sur le site OPCO, uniquement pour une visualisation transitoire personnelle et non commerciale. Il s&rsquo;agit de l&rsquo;octroi d&rsquo;une licence, et non d&rsquo;un transfert de titre, et en vertu de cette licence, vous ne pouvez pas&nbsp;: <\/p><ol><li>modifier ou copier les \u00e9l\u00e9ments&nbsp;;<\/li><li>utiliser les \u00e9l\u00e9ments \u00e0 des fins commerciales ou pour une pr\u00e9sentation publique (commerciale ou non commerciale)&nbsp;;<\/li><li>tenter de d\u00e9compiler ou de proc\u00e9der \u00e0 une ing\u00e9nierie inverse de tout logiciel contenu sur le site OPCO&nbsp;;<\/li><li>ou transf\u00e9rer les \u00e9l\u00e9ments \u00e0 une autre personne ou \u00ab mettre en miroir \u00bb les \u00e9l\u00e9ments sur un autre serveur.<\/li><\/ol><p>Cette licence sera automatiquement r\u00e9sili\u00e9e si vous violez l&rsquo;une de ces restrictions et pourra \u00eatre r\u00e9sili\u00e9e par OPCO \u00e0 tout moment. \u00c0 la fin de votre consultation de ces \u00e9l\u00e9ments ou \u00e0 la r\u00e9siliation de cette licence, vous devez supprimer tous les \u00e9l\u00e9ments t\u00e9l\u00e9charg\u00e9s en votre possession, que ce soit au format \u00e9lectronique ou imprim\u00e9. <\/p><h4><strong>3. Clause de non-responsabilit\u00e9<\/strong><\/h4><ol><li>Les \u00e9l\u00e9ments sur le site web de OPCO sont fournis \u00ab en l&rsquo;\u00e9tat \u00bb. OPCO ne donne aucune garantie, expresse ou implicite, et, par la pr\u00e9sente, rejette et nie toutes les autres garanties, y compris, sans limitation, les garanties implicites ou les conditions de commercialisation, d&rsquo;ad\u00e9quation \u00e0 un usage particulier ou de non-violation de la propri\u00e9t\u00e9 intellectuelle ou autre violation des droits. <\/li><li>De plus, OPCO ne garantit ni ne fait aucune d\u00e9claration concernant l&rsquo;exactitude, les r\u00e9sultats probables ou la fiabilit\u00e9 de l&rsquo;utilisation des \u00e9l\u00e9ments sur son site web ou autrement li\u00e9s \u00e0 ces \u00e9l\u00e9ments ou sur les sites web li\u00e9s \u00e0 ce site.<\/li><\/ol><h4><strong>4. Limites<\/strong><\/h4><p>En aucun cas, OPCO ou ses fournisseurs ne seront responsables des dommages (y compris, sans limitation, les dommages pour perte de donn\u00e9es ou de profit ou en raison d&rsquo;une interruption d&rsquo;activit\u00e9) d\u00e9coulant de l&rsquo;utilisation ou de l&rsquo;impossibilit\u00e9 d&rsquo;utiliser les \u00e9l\u00e9ments sur OPCO, m\u00eame si OPCO ou un repr\u00e9sentant autoris\u00e9 de OPCO a \u00e9t\u00e9 inform\u00e9 oralement ou par \u00e9crit de la possibilit\u00e9 de tels dommages. \u00c9tant donn\u00e9 que certaines juridictions n&rsquo;autorisent pas les limitations des garanties implicites ou les limitations de responsabilit\u00e9 pour les dommages cons\u00e9cutifs ou accessoires, ces limitations peuvent ne pas s&rsquo;appliquer \u00e0 vous. <\/p><h4><strong>5. Pr\u00e9cision des \u00e9l\u00e9ments<\/strong><\/h4><p>Les \u00e9l\u00e9ments affich\u00e9s sur le site web de OPCO peuvent contenir des erreurs techniques, typographiques ou photographiques. OPCO ne garantit pas que les \u00e9l\u00e9ments de son site web sont exacts, complets ou \u00e0 jour. OPCO peut apporter des modifications aux \u00e9l\u00e9ments contenus sur son site web \u00e0 tout moment, sans pr\u00e9avis. Toutefois, OPCO ne s&rsquo;engage pas \u00e0 mettre \u00e0 jour les \u00e9l\u00e9ments.   <\/p><h4><strong>6. Liens<\/strong><\/h4><p>OPCO n&rsquo;a pas examin\u00e9 tous les sites web li\u00e9s \u00e0 son site web et n&rsquo;est pas responsable du contenu de tout site web li\u00e9. L&rsquo;inclusion de tout lien n&rsquo;implique pas l&rsquo;approbation du site web par OPCO. L&rsquo;utilisation de tout site web li\u00e9 se fait aux propres risques de l&rsquo;utilisateur.  <\/p><h5><strong>Modifications<\/strong><\/h5><p>OPCO peut r\u00e9viser ces conditions d&rsquo;utilisation du site web \u00e0 tout moment, sans pr\u00e9avis. En utilisant ce site web, vous acceptez d&rsquo;\u00eatre li\u00e9 par la version actuelle de ces conditions d&rsquo;utilisation. <\/p><h5><strong>Loi applicable<\/strong><\/h5><p>Ces termes et conditions sont r\u00e9gis et interpr\u00e9t\u00e9s conform\u00e9ment aux lois de OPCO et vous vous soumettez irr\u00e9vocablement \u00e0 la comp\u00e9tence exclusive des tribunaux de cet \u00e9tat ou de cette localit\u00e9.<\/p>\t\t\t\t\t\t\t\t<\/div>\n\t\t\t\t<\/div>\n\t\t\t\t\t<\/div>\n\t\t\t\t<\/div>\n\t\t\t\t<\/div>\n\t\t","protected":false},"excerpt":{"rendered":"<p>1. Termes En acc\u00e9dant au site OPCO, vous acceptez de vous conformer \u00e0 ces conditions d&rsquo;utilisation, \u00e0 toutes les lois et r\u00e9glementations applicables, et vous convenez que vous \u00eates responsable du respect de toutes les lois locales applicables. Si vous n&rsquo;\u00eates pas d&rsquo;accord avec l&rsquo;une de ces conditions, il vous est interdit d&rsquo;utiliser ou d&rsquo;acc\u00e9der [&hellip;]<\/p>\n","protected":false},"author":2,"featured_media":0,"parent":0,"menu_order":0,"comment_status":"closed","ping_status":"closed","template":"","meta":{"_acf_changed":false,"content-type":"","footnotes":""},"class_list":["post-11999","page","type-page","status-publish","hentry"],"acf":[],"yoast_head":"<!-- This site is optimized with the Yoast SEO plugin v25.3.1 - https:\/\/yoast.com\/wordpress\/plugins\/seo\/ -->\n<title>Conditions g\u00e9n\u00e9rales - Opco<\/title>\n<meta name=\"robots\" content=\"index, follow, max-snippet:-1, max-image-preview:large, max-video-preview:-1\" \/>\n<link rel=\"canonical\" href=\"https:\/\/opco.pt\/fr\/conditions-generales\/\" \/>\n<meta property=\"og:locale\" content=\"fr_FR\" \/>\n<meta property=\"og:type\" content=\"article\" \/>\n<meta property=\"og:title\" content=\"Conditions g\u00e9n\u00e9rales - Opco\" \/>\n<meta property=\"og:description\" content=\"1. Termes En acc\u00e9dant au site OPCO, vous acceptez de vous conformer \u00e0 ces conditions d&rsquo;utilisation, \u00e0 toutes les lois et r\u00e9glementations applicables, et vous convenez que vous \u00eates responsable du respect de toutes les lois locales applicables. Si vous n&rsquo;\u00eates pas d&rsquo;accord avec l&rsquo;une de ces conditions, il vous est interdit d&rsquo;utiliser ou d&rsquo;acc\u00e9der [&hellip;]\" \/>\n<meta property=\"og:url\" content=\"https:\/\/opco.pt\/fr\/conditions-generales\/\" \/>\n<meta property=\"og:site_name\" content=\"Opco\" \/>\n<meta property=\"article:publisher\" content=\"https:\/\/www.facebook.com\/rhopcoacademia\/\" \/>\n<meta property=\"article:modified_time\" content=\"2025-07-08T13:26:04+00:00\" \/>\n<meta name=\"twitter:card\" content=\"summary_large_image\" \/>\n<meta name=\"twitter:label1\" content=\"Dur\u00e9e de lecture estim\u00e9e\" \/>\n\t<meta name=\"twitter:data1\" content=\"3 minutes\" \/>\n<script type=\"application\/ld+json\" class=\"yoast-schema-graph\">{\"@context\":\"https:\/\/schema.org\",\"@graph\":[{\"@type\":\"WebPage\",\"@id\":\"https:\/\/opco.pt\/fr\/conditions-generales\/\",\"url\":\"https:\/\/opco.pt\/fr\/conditions-generales\/\",\"name\":\"Conditions g\u00e9n\u00e9rales - Opco\",\"isPartOf\":{\"@id\":\"https:\/\/opco.pt\/#website\"},\"datePublished\":\"2025-02-18T12:06:36+00:00\",\"dateModified\":\"2025-07-08T13:26:04+00:00\",\"breadcrumb\":{\"@id\":\"https:\/\/opco.pt\/fr\/conditions-generales\/#breadcrumb\"},\"inLanguage\":\"fr-FR\",\"potentialAction\":[{\"@type\":\"ReadAction\",\"target\":[\"https:\/\/opco.pt\/fr\/conditions-generales\/\"]}]},{\"@type\":\"BreadcrumbList\",\"@id\":\"https:\/\/opco.pt\/fr\/conditions-generales\/#breadcrumb\",\"itemListElement\":[{\"@type\":\"ListItem\",\"position\":1,\"name\":\"In\u00edcio\",\"item\":\"https:\/\/opco.pt\/fr\/accueil\/\"},{\"@type\":\"ListItem\",\"position\":2,\"name\":\"Conditions g\u00e9n\u00e9rales\"}]},{\"@type\":\"WebSite\",\"@id\":\"https:\/\/opco.pt\/#website\",\"url\":\"https:\/\/opco.pt\/\",\"name\":\"Opco\",\"description\":\"Creating Solutions\",\"publisher\":{\"@id\":\"https:\/\/opco.pt\/#organization\"},\"potentialAction\":[{\"@type\":\"SearchAction\",\"target\":{\"@type\":\"EntryPoint\",\"urlTemplate\":\"https:\/\/opco.pt\/?s={search_term_string}\"},\"query-input\":{\"@type\":\"PropertyValueSpecification\",\"valueRequired\":true,\"valueName\":\"search_term_string\"}}],\"inLanguage\":\"fr-FR\"},{\"@type\":\"Organization\",\"@id\":\"https:\/\/opco.pt\/#organization\",\"name\":\"Opco\",\"url\":\"https:\/\/opco.pt\/\",\"logo\":{\"@type\":\"ImageObject\",\"inLanguage\":\"fr-FR\",\"@id\":\"https:\/\/opco.pt\/#\/schema\/logo\/image\/\",\"url\":\"https:\/\/opco.pt\/wp-content\/uploads\/2025\/04\/logo_opco_vda-qmc.png\",\"contentUrl\":\"https:\/\/opco.pt\/wp-content\/uploads\/2025\/04\/logo_opco_vda-qmc.png\",\"width\":940,\"height\":321,\"caption\":\"Opco\"},\"image\":{\"@id\":\"https:\/\/opco.pt\/#\/schema\/logo\/image\/\"},\"sameAs\":[\"https:\/\/www.facebook.com\/rhopcoacademia\/\",\"https:\/\/www.youtube.com\/@opcocreatingsolutions7561\",\"https:\/\/www.instagram.com\/opcocreatingsolutions\/\",\"https:\/\/pt.linkedin.com\/company\/rhopcoacademia\"]}]}<\/script>\n<!-- \/ Yoast SEO plugin. -->","yoast_head_json":{"title":"Conditions g\u00e9n\u00e9rales - Opco","robots":{"index":"index","follow":"follow","max-snippet":"max-snippet:-1","max-image-preview":"max-image-preview:large","max-video-preview":"max-video-preview:-1"},"canonical":"https:\/\/opco.pt\/fr\/conditions-generales\/","og_locale":"fr_FR","og_type":"article","og_title":"Conditions g\u00e9n\u00e9rales - Opco","og_description":"1. Termes En acc\u00e9dant au site OPCO, vous acceptez de vous conformer \u00e0 ces conditions d&rsquo;utilisation, \u00e0 toutes les lois et r\u00e9glementations applicables, et vous convenez que vous \u00eates responsable du respect de toutes les lois locales applicables. Si vous n&rsquo;\u00eates pas d&rsquo;accord avec l&rsquo;une de ces conditions, il vous est interdit d&rsquo;utiliser ou d&rsquo;acc\u00e9der [&hellip;]","og_url":"https:\/\/opco.pt\/fr\/conditions-generales\/","og_site_name":"Opco","article_publisher":"https:\/\/www.facebook.com\/rhopcoacademia\/","article_modified_time":"2025-07-08T13:26:04+00:00","twitter_card":"summary_large_image","twitter_misc":{"Dur\u00e9e de lecture estim\u00e9e":"3 minutes"},"schema":{"@context":"https:\/\/schema.org","@graph":[{"@type":"WebPage","@id":"https:\/\/opco.pt\/fr\/conditions-generales\/","url":"https:\/\/opco.pt\/fr\/conditions-generales\/","name":"Conditions g\u00e9n\u00e9rales - Opco","isPartOf":{"@id":"https:\/\/opco.pt\/#website"},"datePublished":"2025-02-18T12:06:36+00:00","dateModified":"2025-07-08T13:26:04+00:00","breadcrumb":{"@id":"https:\/\/opco.pt\/fr\/conditions-generales\/#breadcrumb"},"inLanguage":"fr-FR","potentialAction":[{"@type":"ReadAction","target":["https:\/\/opco.pt\/fr\/conditions-generales\/"]}]},{"@type":"BreadcrumbList","@id":"https:\/\/opco.pt\/fr\/conditions-generales\/#breadcrumb","itemListElement":[{"@type":"ListItem","position":1,"name":"In\u00edcio","item":"https:\/\/opco.pt\/fr\/accueil\/"},{"@type":"ListItem","position":2,"name":"Conditions g\u00e9n\u00e9rales"}]},{"@type":"WebSite","@id":"https:\/\/opco.pt\/#website","url":"https:\/\/opco.pt\/","name":"Opco","description":"Creating Solutions","publisher":{"@id":"https:\/\/opco.pt\/#organization"},"potentialAction":[{"@type":"SearchAction","target":{"@type":"EntryPoint","urlTemplate":"https:\/\/opco.pt\/?s={search_term_string}"},"query-input":{"@type":"PropertyValueSpecification","valueRequired":true,"valueName":"search_term_string"}}],"inLanguage":"fr-FR"},{"@type":"Organization","@id":"https:\/\/opco.pt\/#organization","name":"Opco","url":"https:\/\/opco.pt\/","logo":{"@type":"ImageObject","inLanguage":"fr-FR","@id":"https:\/\/opco.pt\/#\/schema\/logo\/image\/","url":"https:\/\/opco.pt\/wp-content\/uploads\/2025\/04\/logo_opco_vda-qmc.png","contentUrl":"https:\/\/opco.pt\/wp-content\/uploads\/2025\/04\/logo_opco_vda-qmc.png","width":940,"height":321,"caption":"Opco"},"image":{"@id":"https:\/\/opco.pt\/#\/schema\/logo\/image\/"},"sameAs":["https:\/\/www.facebook.com\/rhopcoacademia\/","https:\/\/www.youtube.com\/@opcocreatingsolutions7561","https:\/\/www.instagram.com\/opcocreatingsolutions\/","https:\/\/pt.linkedin.com\/company\/rhopcoacademia"]}]}},"_links":{"self":[{"href":"https:\/\/opco.pt\/fr\/wp-json\/wp\/v2\/pages\/11999","targetHints":{"allow":["GET"]}}],"collection":[{"href":"https:\/\/opco.pt\/fr\/wp-json\/wp\/v2\/pages"}],"about":[{"href":"https:\/\/opco.pt\/fr\/wp-json\/wp\/v2\/types\/page"}],"author":[{"embeddable":true,"href":"https:\/\/opco.pt\/fr\/wp-json\/wp\/v2\/users\/2"}],"replies":[{"embeddable":true,"href":"https:\/\/opco.pt\/fr\/wp-json\/wp\/v2\/comments?post=11999"}],"version-history":[{"count":3,"href":"https:\/\/opco.pt\/fr\/wp-json\/wp\/v2\/pages\/11999\/revisions"}],"predecessor-version":[{"id":12414,"href":"https:\/\/opco.pt\/fr\/wp-json\/wp\/v2\/pages\/11999\/revisions\/12414"}],"wp:attachment":[{"href":"https:\/\/opco.pt\/fr\/wp-json\/wp\/v2\/media?parent=11999"}],"curies":[{"name":"wp","href":"https:\/\/api.w.org\/{rel}","templated":true}]}}